{"id":4093,"date":"2021-08-30T16:18:26","date_gmt":"2021-08-30T14:18:26","guid":{"rendered":"https:\/\/cuneoairport.com\/nuovosito\/controles-de-securite\/"},"modified":"2021-09-20T15:39:45","modified_gmt":"2021-09-20T13:39:45","slug":"controles-de-securite","status":"publish","type":"page","link":"https:\/\/cuneoairport.com\/fr\/controles-de-securite\/","title":{"rendered":"Contr\u00f4les de s\u00e9curit\u00e9"},"content":{"rendered":"<p>[et_pb_section fb_built=\u00a0\u00bb1&Prime; _builder_version=\u00a0\u00bb4.9.10&Prime; _module_preset=\u00a0\u00bbdefault\u00a0\u00bb custom_padding=\u00a0\u00bb3px||6px|||\u00a0\u00bb][et_pb_row _builder_version=\u00a0\u00bb4.9.10&Prime; _module_preset=\u00a0\u00bbdefault\u00a0\u00bb width=\u00a0\u00bb90%\u00a0\u00bb][et_pb_column type=\u00a0\u00bb4_4&Prime; _builder_version=\u00a0\u00bb4.9.10&Prime; _module_preset=\u00a0\u00bbdefault\u00a0\u00bb][et_pb_image src=\u00a0\u00bbhttps:\/\/cuneoairport.com\/wp-content\/uploads\/2021\/09\/iStock-919763570-980&#215;364-15.jpg\u00a0\u00bb title_text=\u00a0\u00bbiStock-919763570-980&#215;364&Prime; align=\u00a0\u00bbcenter\u00a0\u00bb force_fullwidth=\u00a0\u00bbon\u00a0\u00bb _builder_version=\u00a0\u00bb4.9.10&Prime; _module_preset=\u00a0\u00bbdefault\u00a0\u00bb border_radii=\u00a0\u00bbon|6px|6px|6px|6px\u00a0\u00bb][\/et_pb_image][\/et_pb_column][\/et_pb_row][\/et_pb_section][et_pb_section fb_built=\u00a0\u00bb1&Prime; custom_padding_last_edited=\u00a0\u00bbon|phone\u00a0\u00bb _builder_version=\u00a0\u00bb4.9.10&Prime; _module_preset=\u00a0\u00bbdefault\u00a0\u00bb custom_margin=\u00a0\u00bb-79px||||false|false\u00a0\u00bb custom_margin_tablet=\u00a0\u00bb-85px||||false|false\u00a0\u00bb custom_margin_phone=\u00a0\u00bb-34px||||false|false\u00a0\u00bb custom_margin_last_edited=\u00a0\u00bbon|phone\u00a0\u00bb custom_padding=\u00a0\u00bb||27px||false|false\u00a0\u00bb custom_padding_tablet=\u00a0\u00bb\u00a0\u00bb custom_padding_phone=\u00a0\u00bb0px||||false|false\u00a0\u00bb][et_pb_row use_custom_gutter=\u00a0\u00bbon\u00a0\u00bb gutter_width=\u00a0\u00bb2&Prime; _builder_version=\u00a0\u00bb4.9.10&Prime; _module_preset=\u00a0\u00bbdefault\u00a0\u00bb width=\u00a0\u00bb90%\u00a0\u00bb custom_margin=\u00a0\u00bb16px|auto||auto||\u00a0\u00bb custom_padding=\u00a0\u00bb18px||3px|||\u00a0\u00bb][et_pb_column type=\u00a0\u00bb4_4&Prime; _builder_version=\u00a0\u00bb4.9.10&Prime; _module_preset=\u00a0\u00bbdefault\u00a0\u00bb custom_padding=\u00a0\u00bb|30px|||false|false\u00a0\u00bb border_width_right=\u00a0\u00bb1px\u00a0\u00bb border_color_right=\u00a0\u00bb#000000&Prime; border_style_right=\u00a0\u00bbdashed\u00a0\u00bb][et_pb_text _builder_version=\u00a0\u00bb4.9.10&Prime; _module_preset=\u00a0\u00bbdefault\u00a0\u00bb header_2_font=\u00a0\u00bbArchivo|||on|||||\u00a0\u00bb header_2_font_size=\u00a0\u00bb13px\u00a0\u00bb header_2_letter_spacing=\u00a0\u00bb10px\u00a0\u00bb custom_margin=\u00a0\u00bb2px||5px|||\u00a0\u00bb custom_margin_tablet=\u00a0\u00bb\u00a0\u00bb custom_margin_phone=\u00a0\u00bb0px||5px||false|false\u00a0\u00bb custom_margin_last_edited=\u00a0\u00bbon|phone\u00a0\u00bb]<\/p>\n<h2>comment je<\/h2>\n<p>[\/et_pb_text][et_pb_text _builder_version=\u00a0\u00bb4.9.10&Prime; _module_preset=\u00a0\u00bbdefault\u00a0\u00bb header_font=\u00a0\u00bbAbel||||||||\u00a0\u00bb header_text_color=\u00a0\u00bb#3b444f\u00a0\u00bb header_2_font=\u00a0\u00bbPoppins|800|||||||\u00a0\u00bb header_2_text_align=\u00a0\u00bbleft\u00a0\u00bb header_2_text_color=\u00a0\u00bb#173eb2&Prime; header_2_font_size=\u00a0\u00bb37px\u00a0\u00bb custom_margin=\u00a0\u00bb||10px||false|false\u00a0\u00bb]<\/p>\n<h2>Contr\u00f4les de s\u00e9curit\u00e9<\/h2>\n<p>[\/et_pb_text][et_pb_text _builder_version=\u00a0\u00bb4.9.10&Prime; _module_preset=\u00a0\u00bbdefault\u00a0\u00bb text_font=\u00a0\u00bbBarlow|300|||||||\u00a0\u00bb text_text_color=\u00a0\u00bb#000000&Prime; text_font_size=\u00a0\u00bb16px\u00a0\u00bb custom_margin=\u00a0\u00bb||-3px|||\u00a0\u00bb hover_enabled=\u00a0\u00bb0&Prime; inline_fonts=\u00a0\u00bbRubik\u00a0\u00bb sticky_enabled=\u00a0\u00bb0&Prime;]<\/p>\n<p><span style=\"font-weight: 400\">Pe<span style=\"font-family: Rubik;font-weight: normal\">ndant des contr\u00f4les de s\u00e9curit\u00e9, il est important, pour \u00e9viter l&rsquo;attente, que les passagers se pr\u00e9parent \u00e0 mettre tous les appareils \u00e9lectroniques et objets m\u00e9talliques dans le bac sp\u00e9cial et, si n\u00e9cessaire, doivent retirer leurs chaussures si le d\u00e9tecteur de m\u00e9taux signale la pr\u00e9sence de pi\u00e8ces m\u00e9talliques. Les bagages \u00e0 main peuvent devoir \u00eatre ouverts ou une fouille peut \u00eatre requise.<\/span><\/span><span style=\"font-family: Rubik;font-weight: normal\"><a href=\"https:\/\/eur-lex.europa.eu\/legal-content\/IT\/TXT\/PDF\/?uri=CELEX:32006R1546&amp;from=en\" target=\"_blank\" rel=\"noopener\"><\/a><\/span><\/p>\n<p><span style=\"font-family: Rubik;font-weight: normal\"><\/span><\/p>\n<p>[\/et_pb_text][et_pb_accordion closed_toggle_text_color=\u00a0\u00bb#173eb2&Prime; icon_color=\u00a0\u00bb#173eb2&Prime; use_icon_font_size=\u00a0\u00bbon\u00a0\u00bb icon_font_size=\u00a0\u00bb19px\u00a0\u00bb _builder_version=\u00a0\u00bb4.9.10&Prime; _module_preset=\u00a0\u00bbdefault\u00a0\u00bb hover_enabled=\u00a0\u00bb0&Prime; sticky_enabled=\u00a0\u00bb0&Prime;][et_pb_accordion_item title=\u00a0\u00bb\u00c0 l&rsquo;a\u00e9roport\u00a0\u00bb open=\u00a0\u00bboff\u00a0\u00bb open_toggle_text_color=\u00a0\u00bb#173eb2&Prime; open_toggle_background_color=\u00a0\u00bbRGBA(0,0,0,0)\u00a0\u00bb closed_toggle_background_color=\u00a0\u00bbRGBA(0,0,0,0)\u00a0\u00bb _builder_version=\u00a0\u00bb4.9.10&Prime; _module_preset=\u00a0\u00bbdefault\u00a0\u00bb body_font=\u00a0\u00bbRubik|300|||||||\u00a0\u00bb body_text_color=\u00a0\u00bb#000000&Prime; body_font_size=\u00a0\u00bb16px\u00a0\u00bb link_option_url_new_window=\u00a0\u00bbon\u00a0\u00bb hover_enabled=\u00a0\u00bb0&Prime; border_radii=\u00a0\u00bbon|6px|6px|6px|6px\u00a0\u00bb border_color_all=\u00a0\u00bb#173eb2&Prime; inline_fonts=\u00a0\u00bbABeeZee\u00a0\u00bb toggle_font=\u00a0\u00bbPoppins|700|||||||\u00a0\u00bb toggle_font_size=\u00a0\u00bb18px\u00a0\u00bb closed_toggle_font=\u00a0\u00bbPoppins|700|||||||\u00a0\u00bb closed_toggle_font_size=\u00a0\u00bb18px\u00a0\u00bb sticky_enabled=\u00a0\u00bb0&Prime;]<\/p>\n<p><span style=\"font-weight: normal;font-family: Rubik\">Afin de faciliter les contr\u00f4les, il est obligatoire :<\/span><\/p>\n<ul>\n<li><span style=\"font-weight: normal;font-family: Rubik\"> pr\u00e9senter tous les liquides transport\u00e9s dans les bagages \u00e0 main aux points de contr\u00f4le de s\u00e9curit\u00e9 pour examen&nbsp;;<\/span><\/li>\n<li><span style=\"font-weight: normal;font-family: Rubik\"> enlevez votre veste et votre pardessus : ils seront inspect\u00e9s s\u00e9par\u00e9ment ;<\/span><\/li>\n<li><span style=\"font-weight: normal;font-family: Rubik\"> retirer les ordinateurs portables et autres gros appareils \u00e9lectriques et \u00e9lectroniques des bagages \u00e0 main : ils seront inspect\u00e9s s\u00e9par\u00e9ment des bagages \u00e0 main.<\/span><\/li>\n<\/ul>\n<p><span style=\"font-family: Rubik;font-weight: normal\"><strong>Les passagers sont pri\u00e9s de coop\u00e9rer avec les agents de s\u00e9curit\u00e9 et le personnel de l&rsquo;a\u00e9roport.<\/strong><\/span><\/p>\n<p>[\/et_pb_accordion_item][et_pb_accordion_item title=\u00a0\u00bbBagage \u00e0 main\u00a0\u00bb open_toggle_text_color=\u00a0\u00bb#173eb2&Prime; open_toggle_background_color=\u00a0\u00bbRGBA(0,0,0,0)\u00a0\u00bb closed_toggle_background_color=\u00a0\u00bbRGBA(0,0,0,0)\u00a0\u00bb _builder_version=\u00a0\u00bb4.9.10&Prime; _module_preset=\u00a0\u00bbdefault\u00a0\u00bb body_font=\u00a0\u00bbRubik|300|||||||\u00a0\u00bb body_text_color=\u00a0\u00bb#000000&Prime; body_font_size=\u00a0\u00bb16px\u00a0\u00bb link_option_url_new_window=\u00a0\u00bbon\u00a0\u00bb hover_enabled=\u00a0\u00bb0&Prime; border_radii=\u00a0\u00bbon|6px|6px|6px|6px\u00a0\u00bb border_color_all=\u00a0\u00bb#173eb2&Prime; inline_fonts=\u00a0\u00bbABeeZee\u00a0\u00bb toggle_font=\u00a0\u00bbPoppins|700|||||||\u00a0\u00bb toggle_font_size=\u00a0\u00bb18px\u00a0\u00bb closed_toggle_font=\u00a0\u00bbPoppins|700|||||||\u00a0\u00bb closed_toggle_font_size=\u00a0\u00bb18px\u00a0\u00bb open=\u00a0\u00bboff\u00a0\u00bb sticky_enabled=\u00a0\u00bb0&Prime;]<\/p>\n<p><span style=\"font-family: Rubik;font-weight: normal\">Pour des raisons de s\u00e9curit\u00e9, il est strictement interdit d&rsquo;apporter<b> \u00e0 bord, dans votre bagage \u00e0 main,<\/b> les \u00e9l\u00e9ments suivants: <b><\/b><\/span><\/p>\n<ul>\n<li><span style=\"font-family: Rubik;font-weight: normal\"><b>armes \u00e0 feu, armes \u00e0 feu, outils qui tirent des balles<\/b><\/span><\/li>\n<\/ul>\n<p><span style=\"font-family: Rubik;font-weight: normal\">(y compris par ex. <i>armes jouets, frondes, fl\u00e9chettes, etc.<\/i>)<\/span><\/p>\n<ul>\n<li><span style=\"font-family: Rubik;font-weight: normal\"><b>appareils \u00e9tonnants<\/b><\/span><\/li>\n<\/ul>\n<ul>\n<li><span style=\"font-family: Rubik;font-weight: normal\"><b>objets avec une pointe ou un bord tranchant<\/b><\/span><\/li>\n<\/ul>\n<p><span style=\"font-family: Rubik;font-weight: normal\"><i>(y compris, par exemple, des lames de rasoir, des couteaux, des ciseaux de plus de 6 cm<\/i> ,<i> coutellerie, couteaux \u00e0 lames de toute longueur, couteaux en plastique<\/i> , siri<i> nghe, aiguilles \u00e0 coudre, etc.)<\/i><\/span><\/p>\n<ul>\n<li><span style=\"font-family: Rubik;font-weight: normal\"><b>outils de travail<\/b><\/span><\/li>\n<\/ul>\n<ul>\n<li><span style=\"font-family: Rubik;font-weight: normal\"><b>instruments contondants<\/b><\/span><\/li>\n<\/ul>\n<p><span style=\"font-family: Rubik;font-weight: normal\"><i>(y compris, par exemple, des b\u00e2tons pour le sport, des queues de billard, etc.)<\/i><\/span><\/p>\n<ul>\n<li><span style=\"font-family: Rubik;font-weight: normal\"><b>substances et dispositifs explosifs et incendiaires<\/b><\/span><\/li>\n<\/ul>\n<ul>\n<li><span style=\"font-family: Rubik;font-weight: normal\"><b>liquides, a\u00e9rosols, gels * <\/b><\/span><\/li>\n<\/ul>\n<p><span style=\"font-family: Rubik;font-weight: normal\">(<i>comme<\/i> <i>eau et autres boissons, soupes, sirops,<\/i> cr\u00e8mes, lotions et huiles, parfums, <i>sprays, gels pour les cheveux et la douche, mousses \u00e0 raser, autres mousses, d\u00e9odorants, p\u00e2tes, dentifrices, m\u00e9langes liquides et solides, mascara et tout autre<\/i><a href=\"https:\/\/www.enac.gov.it\/node_old_id\/-306815090\" target=\"_blank\" rel=\"noopener\"><i>produit de consistance similaire<\/i><\/a><i>)<\/i> <\/span><\/p>\n<p><span style=\"font-family: Rubik;font-weight: normal\"><em>* sauf si ces liquides sont contenus dans des r\u00e9cipients individuels d&rsquo;une contenance n&rsquo;exc\u00e9dant pas 100 ml \u00e0 transporter dans un sachet\/sac\/sac en plastique transparent (il est donc possible de voir l&rsquo;int\u00e9rieur sans avoir \u00e0 l&rsquo;ouvrir), refermable (donc non scell\u00e9), compl\u00e8tement ferm\u00e9, d&rsquo;une capacit\u00e9 n&rsquo;exc\u00e9dant pas 1 litre)<\/em><\/span><\/p>\n<p><span style=\"font-family: Rubik;font-weight: normal\"><b>Pour plus d&rsquo;informations:<\/b> <a href=\"https:\/\/www.enac.gov.it\/passeggeri\/cosa-portare-bordo\/articoli-vietati-in-cabina\" target=\"_blank\" rel=\"noopener\">https:\/\/www.enac.gov.it\/passeggeri\/cosa-portare-bordo\/articoli-vietati-in-cabina<\/a> <\/span><\/p>\n<p><span style=\"font-family: Rubik;font-weight: normal\"><strong>A la discr\u00e9tion du personnel de service en charge du contr\u00f4le, le passage de tout objet pouvant \u00eatre consid\u00e9r\u00e9 comme repr\u00e9sentant un danger pour la s\u00e9curit\u00e9 des vols sera \u00e9galement inhib\u00e9.<\/strong><\/span><\/p>\n<p>[\/et_pb_accordion_item][et_pb_accordion_item title=\u00a0\u00bbBagage en soute\u00a0\u00bb open_toggle_text_color=\u00a0\u00bb#173eb2&Prime; open_toggle_background_color=\u00a0\u00bbRGBA(0,0,0,0)\u00a0\u00bb closed_toggle_background_color=\u00a0\u00bbRGBA(0,0,0,0)\u00a0\u00bb _builder_version=\u00a0\u00bb4.9.10&Prime; _module_preset=\u00a0\u00bbdefault\u00a0\u00bb body_font=\u00a0\u00bbRubik|300|||||||\u00a0\u00bb body_text_color=\u00a0\u00bb#000000&Prime; body_font_size=\u00a0\u00bb16px\u00a0\u00bb link_option_url_new_window=\u00a0\u00bbon\u00a0\u00bb hover_enabled=\u00a0\u00bb0&Prime; border_radii=\u00a0\u00bbon|6px|6px|6px|6px\u00a0\u00bb border_color_all=\u00a0\u00bb#173eb2&Prime; inline_fonts=\u00a0\u00bbABeeZee\u00a0\u00bb toggle_font=\u00a0\u00bbPoppins|700|||||||\u00a0\u00bb toggle_font_size=\u00a0\u00bb18px\u00a0\u00bb closed_toggle_font=\u00a0\u00bbPoppins|700|||||||\u00a0\u00bb closed_toggle_font_size=\u00a0\u00bb18px\u00a0\u00bb open=\u00a0\u00bbon\u00a0\u00bb sticky_enabled=\u00a0\u00bb0&Prime;]<\/p>\n<p><span style=\"font-family: Rubik;font-weight: normal\"><b>Pour plus d&rsquo;informations:<\/b> Pour des raisons de s\u00e9curit\u00e9, il est strictement interdit d&rsquo;apporter<b> dans vos bagages de soute<\/b> les \u00e9l\u00e9ments suivants: <\/span><\/p>\n<ul>\n<li><span style=\"font-family: Rubik;font-weight: normal\">munition<\/span><\/li>\n<\/ul>\n<ul>\n<li><span style=\"font-family: Rubik;font-weight: normal\">d\u00e9tonateurs et amorces<\/span><\/li>\n<\/ul>\n<ul>\n<li><span style=\"font-family: Rubik;font-weight: normal\">d\u00e9tonateurs et fusibles<\/span><\/li>\n<\/ul>\n<ul>\n<li><span style=\"font-family: Rubik;font-weight: normal\">mines, grenades et autres mat\u00e9riels militaires explosifs<\/span><\/li>\n<\/ul>\n<ul>\n<li><span style=\"font-family: Rubik;font-weight: normal\">bombes fumig\u00e8nes et cartouches<\/span><\/li>\n<\/ul>\n<ul>\n<li><span style=\"font-family: Rubik;font-weight: normal\">dynamite, poudre \u00e0 canon et explosifs plastiques<\/span><\/li>\n<\/ul>\n<ul>\n<li><span style=\"font-family: Rubik;font-weight: normal\">bombes a\u00e9rosols pour la d\u00e9fense personnelle<\/span><\/li>\n<\/ul>\n<ul>\n<li><span style=\"font-family: Rubik;font-weight: normal\">composants du syst\u00e8me de carburant du v\u00e9hicule qui ont contenu du carburant<\/span><\/li>\n<\/ul>\n<ul>\n<li><span style=\"font-family: Rubik;font-weight: normal\">dispositifs d&rsquo;alarme<\/span><\/li>\n<\/ul>\n<ul>\n<li><span style=\"font-family: Rubik;font-weight: normal\">gaz, y compris propane et butane<\/span><\/li>\n<\/ul>\n<ul>\n<li><span style=\"font-family: Rubik;font-weight: normal\">liquides inflammables, y compris l&rsquo;essence et le m\u00e9thanol<\/span><\/li>\n<\/ul>\n<ul>\n<li><span style=\"font-family: Rubik;font-weight: normal\">liquides de refroidissement et irritants<\/span><\/li>\n<\/ul>\n<ul>\n<li><span style=\"font-family: Rubik;font-weight: normal\">mati\u00e8res radioactives, y compris les isotopes m\u00e9dicaux ou commerciaux<\/span><\/li>\n<\/ul>\n<ul>\n<li><span style=\"font-family: Rubik;font-weight: normal\">solides inflammables et substances r\u00e9actives, y compris le magn\u00e9sium, les dispositifs d&rsquo;allumage, les articles pyrotechniques et les fus\u00e9es<\/span><\/li>\n<\/ul>\n<ul>\n<li><span style=\"font-family: Rubik;font-weight: normal\">substances corrosives, y compris le mercure et les batteries de v\u00e9hicules<\/span><\/li>\n<\/ul>\n<ul>\n<li><span style=\"font-family: Rubik;font-weight: normal\">substances inflammables liquides \/ solides, y compris l&rsquo;alcool au-dessus de 70 degr\u00e9s<\/span><\/li>\n<\/ul>\n<ul>\n<li><span style=\"font-family: Rubik;font-weight: normal\">substances magn\u00e9tisantes<\/span><\/li>\n<\/ul>\n<ul>\n<li><span style=\"font-family: Rubik;font-weight: normal\">substances oxydantes et peroxydes organiques, y compris l&rsquo;eau de Javel et les kits de r\u00e9paration de carrosserie automobile<\/span><\/li>\n<\/ul>\n<ul>\n<li><span style=\"font-family: Rubik;font-weight: normal\">substances toxiques ou infectieuses, y compris la mort-aux-rats et le sang infect\u00e9<\/span><\/li>\n<\/ul>\n<ul>\n<li><span style=\"font-family: Rubik;font-weight: normal\">lampe de poche sous-marine avec piles ins\u00e9r\u00e9es<\/span><span style=\"font-family: Rubik;font-weight: normal\"><b><\/b><\/span><\/li>\n<\/ul>\n<p><span style=\"font-family: Rubik;font-weight: normal\"><a href=\"https:\/\/www.enac.gov.it\/passeggeri\/cosa-portare-bordo\/articoli-vietati-in-stiva\" target=\"_blank\" rel=\"noopener\"><b><span style=\"color: #000000\">Pour plus d&rsquo;informations:<\/span> https:\/\/www.enac.gov.it\/passeggeri\/cosa-portare-bordo\/articoli-vietati-in-stiva<\/b><\/a><b> <\/b><\/span><\/p>\n<p>[\/et_pb_accordion_item][et_pb_accordion_item title=\u00a0\u00bbR\u00e9glementation sur le transport des liquides\u00a0\u00bb open_toggle_text_color=\u00a0\u00bb#173eb2&Prime; open_toggle_background_color=\u00a0\u00bbRGBA(0,0,0,0)\u00a0\u00bb closed_toggle_background_color=\u00a0\u00bbRGBA(0,0,0,0)\u00a0\u00bb _builder_version=\u00a0\u00bb4.9.10&Prime; _module_preset=\u00a0\u00bbdefault\u00a0\u00bb body_font=\u00a0\u00bbRubik|300|||||||\u00a0\u00bb body_text_color=\u00a0\u00bb#000000&Prime; body_font_size=\u00a0\u00bb16px\u00a0\u00bb hover_enabled=\u00a0\u00bb0&Prime; border_radii=\u00a0\u00bbon|6px|6px|6px|6px\u00a0\u00bb border_color_all=\u00a0\u00bb#173eb2&Prime; toggle_font=\u00a0\u00bbPoppins|700|||||||\u00a0\u00bb toggle_font_size=\u00a0\u00bb18px\u00a0\u00bb closed_toggle_font=\u00a0\u00bbPoppins|700|||||||\u00a0\u00bb closed_toggle_font_size=\u00a0\u00bb18px\u00a0\u00bb open=\u00a0\u00bboff\u00a0\u00bb sticky_enabled=\u00a0\u00bb0&Prime;]<\/p>\n<p><span style=\"font-weight: normal;font-family: Rubik\">Les r\u00e8gles de s\u00e9curit\u00e9 dans les a\u00e9roports de l&rsquo;Union europ\u00e9enne appliqu\u00e9es \u00e0 partir du lundi 6 novembre 2006 dans tous les a\u00e9roports de l&rsquo;Union europ\u00e9enne sur tous les vols nationaux et internationaux afin de prot\u00e9ger les passagers de la menace terroriste pos\u00e9e par les explosifs liquides, limiter la quantit\u00e9 de substances liquides pouvant \u00eatre emport\u00e9es pass\u00e9 les contr\u00f4les de s\u00e9curit\u00e9 de l&rsquo;a\u00e9roport. Chaque passager et bagage \u00e0 main associ\u00e9 seront contr\u00f4l\u00e9s pour identifier toute substance liquide, en plus des autres articles d\u00e9j\u00e0 interdits par la l\u00e9gislation en vigueur. Les nouvelles r\u00e8gles n&rsquo;imposent aucune limite aux substances liquides pouvant \u00eatre achet\u00e9es dans les magasins situ\u00e9s dans les zones situ\u00e9es au-del\u00e0 des points de contr\u00f4le ou \u00e0 bord des avions utilis\u00e9s par les compagnies a\u00e9riennes appartenant \u00e0 l&rsquo;Union europ\u00e9enne. Il sera bon de ne pas ouvrir les enveloppes scell\u00e9es dans lesquelles ces produits seront conditionn\u00e9s avant d&rsquo;atteindre la destination finale et de conserver la preuve d&rsquo;achat. Dans le cas contraire, lors du passage dans les a\u00e9roports interm\u00e9diaires, les liquides achet\u00e9s pourraient \u00eatre saisis lors des contr\u00f4les de s\u00e9curit\u00e9.<\/span><\/p>\n<p><span style=\"font-weight: normal;font-family: Rubik\">Bien qu&rsquo;il n&rsquo;y ait pas de limitations pour les liquides plac\u00e9s dans les bagages de soute, dans les bagages \u00e0 main, soumis aux contr\u00f4les de s\u00e9curit\u00e9 des a\u00e9roports, les liquides autoris\u00e9s le sont plut\u00f4t en petites quantit\u00e9s. Ils doivent \u00eatre contenus dans des r\u00e9cipients d&rsquo;une capacit\u00e9 maximale de 100 millilitres (1\/10 de litre) ou \u00e9quivalent (par exemple 100 grammes). Les contenants en question doivent \u00eatre plac\u00e9s dans un sac en plastique transparent et facilement refermable, d&rsquo;une contenance n&rsquo;exc\u00e9dant pas 1 litre (c&rsquo;est-\u00e0-dire d&rsquo;une dimension d&rsquo;environ 18 x 20 cm). Un seul sac en plastique des dimensions ci-dessus sera autoris\u00e9 pour chaque passager (y compris les nourrissons) (voir illustration).<\/span><\/p>\n<p><strong><span style=\"font-family: Rubik\">LES SUBSTANCES LIQUIDES SONT DESTIN\u00c9ES&nbsp;:<\/span><\/strong><\/p>\n<ul>\n<li><span style=\"font-weight: normal;font-family: Rubik\"> eau et autres boissons, soupes, sirops<\/span><\/li>\n<li><span style=\"font-weight: normal;font-family: Rubik\"> cr\u00e8mes, lotions et huiles<\/span><\/li>\n<li><span style=\"font-weight: normal;font-family: Rubik\"> parfums<\/span><\/li>\n<li><span style=\"font-weight: normal;font-family: Rubik\"> Vaporisateurs<\/span><\/li>\n<li><span style=\"font-weight: normal;font-family: Rubik\"> gels, y compris les gels pour les cheveux et la douche<\/span><\/li>\n<li><span style=\"font-weight: normal;font-family: Rubik\"> contenu des r\u00e9cipients sous pression, y compris les mousses \u00e0 raser, autres mousses et d\u00e9odorants<\/span><\/li>\n<li><span style=\"font-weight: normal;font-family: Rubik\"> p\u00e2tes, y compris dentifrice<\/span><\/li>\n<li><span style=\"font-weight: normal;font-family: Rubik\"> m\u00e9langes de liquides et de solides, mascara, tout autre produit de consistance similaire.<\/span><\/li>\n<\/ul>\n<p><span style=\"font-weight: normal;font-family: Rubik\">Les m\u00e9dicaments et liquides prescrits \u00e0 des fins di\u00e9t\u00e9tiques, tels que les aliments pour b\u00e9b\u00e9s, peuvent \u00eatre transport\u00e9s hors du sac et ne sont soumis \u00e0 aucune limitation de volume. Il peut \u00eatre n\u00e9cessaire de fournir la preuve de la n\u00e9cessit\u00e9 r\u00e9elle et de l&rsquo;authenticit\u00e9 de ces \u00e9l\u00e9ments.<\/span><\/p>\n<p>[\/et_pb_accordion_item][\/et_pb_accordion][et_pb_text _builder_version=\u00a0\u00bb4.9.10&Prime; _module_preset=\u00a0\u00bbdefault\u00a0\u00bb text_font=\u00a0\u00bbBarlow|300|||||||\u00a0\u00bb text_text_color=\u00a0\u00bb#000000&Prime; text_font_size=\u00a0\u00bb16px\u00a0\u00bb custom_margin=\u00a0\u00bb||-3px|||\u00a0\u00bb hover_enabled=\u00a0\u00bb0&Prime; inline_fonts=\u00a0\u00bbRubik\u00a0\u00bb sticky_enabled=\u00a0\u00bb0&Prime;]<\/p>\n<p><span style=\"font-family: Rubik;font-weight: normal\">Pour plus d&rsquo;informations et de pr\u00e9cisions, consultez le texte de la <strong>loi<\/strong> <a href=\"https:\/\/eur-lex.europa.eu\/legal-content\/IT\/TXT\/PDF\/?uri=CELEX:32006R1546&amp;from=en\" target=\"_blank\" rel=\"noopener\">(R<strong>\u00e8glement CE 1546\/2006 du 4 octobre 2006<\/strong>).<\/a><\/span><\/p>\n<p>[\/et_pb_text][\/et_pb_column][\/et_pb_row][\/et_pb_section]<\/p>\n","protected":false},"excerpt":{"rendered":"<p>comment jeContr\u00f4les de s\u00e9curit\u00e9Pendant des contr\u00f4les de s\u00e9curit\u00e9, il est important, pour \u00e9viter l&rsquo;attente, que les passagers se pr\u00e9parent \u00e0 mettre tous les appareils \u00e9lectroniques et objets m\u00e9talliques dans le bac sp\u00e9cial et, si n\u00e9cessaire, doivent retirer leurs chaussures si le d\u00e9tecteur de m\u00e9taux signale la pr\u00e9sence de pi\u00e8ces m\u00e9talliques. Les bagages \u00e0 main peuvent [&hellip;]<\/p>\n","protected":false},"author":3,"featured_media":0,"parent":0,"menu_order":0,"comment_status":"closed","ping_status":"closed","template":"","meta":{"_acf_changed":false,"_et_pb_use_builder":"on","_et_pb_old_content":"","_et_gb_content_width":"","footnotes":""},"class_list":["post-4093","page","type-page","status-publish","hentry"],"acf":[],"_links":{"self":[{"href":"https:\/\/cuneoairport.com\/fr\/wp-json\/wp\/v2\/pages\/4093","targetHints":{"allow":["GET"]}}],"collection":[{"href":"https:\/\/cuneoairport.com\/fr\/wp-json\/wp\/v2\/pages"}],"about":[{"href":"https:\/\/cuneoairport.com\/fr\/wp-json\/wp\/v2\/types\/page"}],"author":[{"embeddable":true,"href":"https:\/\/cuneoairport.com\/fr\/wp-json\/wp\/v2\/users\/3"}],"replies":[{"embeddable":true,"href":"https:\/\/cuneoairport.com\/fr\/wp-json\/wp\/v2\/comments?post=4093"}],"version-history":[{"count":0,"href":"https:\/\/cuneoairport.com\/fr\/wp-json\/wp\/v2\/pages\/4093\/revisions"}],"wp:attachment":[{"href":"https:\/\/cuneoairport.com\/fr\/wp-json\/wp\/v2\/media?parent=4093"}],"curies":[{"name":"wp","href":"https:\/\/api.w.org\/{rel}","templated":true}]}}