{"id":4077,"date":"2021-08-30T16:18:04","date_gmt":"2021-08-30T14:18:04","guid":{"rendered":"https:\/\/cuneoairport.com\/nuovosito\/douane\/"},"modified":"2023-10-25T12:14:14","modified_gmt":"2023-10-25T10:14:14","slug":"douane","status":"publish","type":"page","link":"https:\/\/cuneoairport.com\/fr\/douane\/","title":{"rendered":"douane"},"content":{"rendered":"<p>          [et_pb_section fb_built=\u00a0\u00bb1&Prime; _builder_version=\u00a0\u00bb4.9.10&Prime; _module_preset=\u00a0\u00bbdefault\u00a0\u00bb custom_padding=\u00a0\u00bb3px||6px|||\u00a0\u00bb global_colors_info=\u00a0\u00bb{}\u00a0\u00bb][\/et_pb_section]<br \/>\n          [et_pb_section fb_built=\u00a0\u00bb1&Prime; custom_padding_last_edited=\u00a0\u00bbon|phone\u00a0\u00bb _builder_version=\u00a0\u00bb4.9.10&Prime; _module_preset=\u00a0\u00bbdefault\u00a0\u00bb custom_margin=\u00a0\u00bb-79px||||false|false\u00a0\u00bb custom_margin_tablet=\u00a0\u00bb-85px||||false|false\u00a0\u00bb custom_margin_phone=\u00a0\u00bb-34px||||false|false\u00a0\u00bb custom_margin_last_edited=\u00a0\u00bbon|phone\u00a0\u00bb custom_padding=\u00a0\u00bb3px||27px||false|false\u00a0\u00bb custom_padding_tablet=\u00a0\u00bb\u00a0\u00bb custom_padding_phone=\u00a0\u00bb0px||||false|false\u00a0\u00bb global_colors_info=\u00a0\u00bb{}\u00a0\u00bb]<br \/>\n            [et_pb_row use_custom_gutter=\u00a0\u00bbon\u00a0\u00bb gutter_width=\u00a0\u00bb2&Prime; _builder_version=\u00a0\u00bb4.9.10&Prime; _module_preset=\u00a0\u00bbdefault\u00a0\u00bb width=\u00a0\u00bb90%\u00a0\u00bb custom_margin=\u00a0\u00bb16px|auto||auto||\u00a0\u00bb custom_padding=\u00a0\u00bb18px||3px|||\u00a0\u00bb global_colors_info=\u00a0\u00bb{}\u00a0\u00bb]<br \/>\n              [et_pb_column type=\u00a0\u00bb4_4&Prime; _builder_version=\u00a0\u00bb4.9.10&Prime; _module_preset=\u00a0\u00bbdefault\u00a0\u00bb custom_padding=\u00a0\u00bb|30px|||false|false\u00a0\u00bb border_width_right=\u00a0\u00bb1px\u00a0\u00bb border_color_right=\u00a0\u00bb#000000&Prime; border_style_right=\u00a0\u00bbdashed\u00a0\u00bb global_colors_info=\u00a0\u00bb{}\u00a0\u00bb]<br \/>\n                [et_pb_text _builder_version=\u00a0\u00bb4.9.10&Prime; _module_preset=\u00a0\u00bbdefault\u00a0\u00bb header_2_font=\u00a0\u00bbArchivo|||on|||||\u00a0\u00bb header_2_font_size=\u00a0\u00bb13px\u00a0\u00bb header_2_letter_spacing=\u00a0\u00bb10px\u00a0\u00bb custom_margin=\u00a0\u00bb2px||5px|||\u00a0\u00bb custom_margin_tablet=\u00a0\u00bb\u00a0\u00bb custom_margin_phone=\u00a0\u00bb0px||5px||false|false\u00a0\u00bb custom_margin_last_edited=\u00a0\u00bbon|phone\u00a0\u00bb global_colors_info=\u00a0\u00bb{}\u00a0\u00bb]<\/p>\n<h2>contr\u00f4les de<\/h2>\n<p>                [\/et_pb_text]<br \/>\n                [et_pb_text _builder_version=\u00a0\u00bb4.9.10&Prime; _module_preset=\u00a0\u00bbdefault\u00a0\u00bb header_font=\u00a0\u00bbAbel||||||||\u00a0\u00bb header_text_color=\u00a0\u00bb#3b444f\u00a0\u00bb header_2_font=\u00a0\u00bbPoppins|800|||||||\u00a0\u00bb header_2_text_align=\u00a0\u00bbleft\u00a0\u00bb header_2_text_color=\u00a0\u00bb#173eb2&Prime; header_2_font_size=\u00a0\u00bb37px\u00a0\u00bb custom_margin=\u00a0\u00bb||10px||false|false\u00a0\u00bb global_colors_info=\u00a0\u00bb{}\u00a0\u00bb]<\/p>\n<h2>douane<\/h2>\n<p>                [\/et_pb_text]<br \/>\n                [et_pb_text _builder_version=\u00a0\u00bb4.9.10&Prime; _module_preset=\u00a0\u00bbdefault\u00a0\u00bb text_font=\u00a0\u00bbBarlow|300|||||||\u00a0\u00bb text_text_color=\u00a0\u00bb#000000&Prime; text_font_size=\u00a0\u00bb16px\u00a0\u00bb custom_margin=\u00a0\u00bb||-3px|||\u00a0\u00bb global_colors_info=\u00a0\u00bb{}\u00a0\u00bb]<\/p>\n<p><span style=\"font-weight: 400;\">Les effets personnels de valeur (tels que, par exemple, le mat\u00e9riel photographique, les cam\u00e9ras vid\u00e9o, les ordinateurs personnels, les montres), apport\u00e9s par le voyageur en partance pour des pays non membres de l&rsquo;UE, n\u00e9cessitent une documentation (ticket de caisse, certificat de garantie ou facture d&rsquo;importation) qui d\u00e9montre, en cas de contr\u00f4le au retour, leur achat r\u00e9gulier en Italie. Pour les achats effectu\u00e9s dans les pays tiers, les marchandises que le voyageur apporte avec lui dans ses bagages personnels sont exon\u00e9r\u00e9es de droits de douane, \u00e0 condition que ces importations soient occasionnelles et que leur valeur n&rsquo;exc\u00e8de pas 300 \u20ac par voyageur au total ; ce montant est port\u00e9 \u00e0 430 \u20ac en cas d&rsquo;arriv\u00e9e par avion et par voie maritime. Si la valeur du bien d\u00e9passe les montants susmentionn\u00e9s, le voyageur est tenu de payer les droits de douane relatifs \u00e0 la totalit\u00e9 de la valeur du bien achet\u00e9. Le plafond de 300 \u20ac et 430 \u20ac est ramen\u00e9 \u00e0 150 \u20ac pour les voyageurs de moins de 15 ans, quel que soit le moyen de transport utilis\u00e9.<\/span><span style=\"font-weight: 400;\"><br \/><\/span><span style=\"font-weight: 400;\">Les voyageurs ne r\u00e9sidant pas dans l&rsquo;Union europ\u00e9enne peuvent demander le remboursement de la TVA sur les biens achet\u00e9s d&rsquo;un montant sup\u00e9rieur \u00e0 154,94 \u20ac, sur pr\u00e9sentation des justificatifs d&rsquo;achat au point de sortie du territoire communautaire.<\/span><span style=\"font-weight: 400;\"><br \/><\/span> <span style=\"font-weight: 400;\"><br \/><\/span><span style=\"font-weight: 400;\">Pour plus d&rsquo;informations, visitez le site Web:<\/span><span style=\"font-weight: 400;\"><br \/><\/span><a href=\"https:\/\/www.agenziadoganemonopoli.gov.it\/portale\/dogane\/cittadino\/carta-doganale-viaggiatore\" target=\"_blank\" rel=\"noopener\"><span style=\"font-weight: 400;\">https:\/\/www.agenziadoganemonopoli.gov.it\/portale\/dogane\/cittadino\/carta-doganale-viaggiatore<\/span><\/a><\/p>\n<\/p>\n<p>                [\/et_pb_text]<br \/>\n              [\/et_pb_column]<br \/>\n            [\/et_pb_row]<br \/>\n          [\/et_pb_section]<\/p>\n","protected":false},"excerpt":{"rendered":"<p>contr\u00f4les de douane Les effets personnels de valeur (tels que, par exemple, le mat\u00e9riel photographique, les cam\u00e9ras vid\u00e9o, les ordinateurs personnels, les montres), apport\u00e9s par le voyageur en partance pour des pays non membres de l&rsquo;UE, n\u00e9cessitent une documentation (ticket de caisse, certificat de garantie ou facture d&rsquo;importation) qui d\u00e9montre, en cas de contr\u00f4le au [&hellip;]<\/p>\n","protected":false},"author":3,"featured_media":0,"parent":0,"menu_order":0,"comment_status":"closed","ping_status":"closed","template":"","meta":{"_acf_changed":false,"_et_pb_use_builder":"on","_et_pb_old_content":"","_et_gb_content_width":"","footnotes":""},"class_list":["post-4077","page","type-page","status-publish","hentry"],"acf":[],"_links":{"self":[{"href":"https:\/\/cuneoairport.com\/fr\/wp-json\/wp\/v2\/pages\/4077","targetHints":{"allow":["GET"]}}],"collection":[{"href":"https:\/\/cuneoairport.com\/fr\/wp-json\/wp\/v2\/pages"}],"about":[{"href":"https:\/\/cuneoairport.com\/fr\/wp-json\/wp\/v2\/types\/page"}],"author":[{"embeddable":true,"href":"https:\/\/cuneoairport.com\/fr\/wp-json\/wp\/v2\/users\/3"}],"replies":[{"embeddable":true,"href":"https:\/\/cuneoairport.com\/fr\/wp-json\/wp\/v2\/comments?post=4077"}],"version-history":[{"count":1,"href":"https:\/\/cuneoairport.com\/fr\/wp-json\/wp\/v2\/pages\/4077\/revisions"}],"predecessor-version":[{"id":15417,"href":"https:\/\/cuneoairport.com\/fr\/wp-json\/wp\/v2\/pages\/4077\/revisions\/15417"}],"wp:attachment":[{"href":"https:\/\/cuneoairport.com\/fr\/wp-json\/wp\/v2\/media?parent=4077"}],"curies":[{"name":"wp","href":"https:\/\/api.w.org\/{rel}","templated":true}]}}