{"id":3973,"date":"2021-08-30T16:09:24","date_gmt":"2021-08-30T14:09:24","guid":{"rendered":"https:\/\/cuneoairport.com\/nuovosito\/documents-de-voyage\/"},"modified":"2023-10-25T10:52:40","modified_gmt":"2023-10-25T08:52:40","slug":"documents-de-voyage","status":"publish","type":"page","link":"https:\/\/cuneoairport.com\/fr\/documents-de-voyage\/","title":{"rendered":"Documents de voyage"},"content":{"rendered":"<p>          [et_pb_section fb_built=\u00a0\u00bb1&Prime; _builder_version=\u00a0\u00bb4.9.10&Prime; _module_preset=\u00a0\u00bbdefault\u00a0\u00bb custom_padding=\u00a0\u00bb3px||6px|||\u00a0\u00bb global_colors_info=\u00a0\u00bb{}\u00a0\u00bb]<br \/>\n            [et_pb_row _builder_version=\u00a0\u00bb4.9.10&Prime; _module_preset=\u00a0\u00bbdefault\u00a0\u00bb width=\u00a0\u00bb90%\u00a0\u00bb global_colors_info=\u00a0\u00bb{}\u00a0\u00bb]<br \/>\n              [et_pb_column type=\u00a0\u00bb4_4&Prime; _builder_version=\u00a0\u00bb4.9.10&Prime; _module_preset=\u00a0\u00bbdefault\u00a0\u00bb global_colors_info=\u00a0\u00bb{}\u00a0\u00bb]<br \/>\n                [et_pb_image src=\u00a0\u00bbhttps:\/\/cuneoairport.com\/wp-content\/uploads\/2021\/09\/Documenti-di-Viaggio-2-scaled.webp\u00a0\u00bb title_text=\u00a0\u00bbDocumenti di Viaggio 2&Prime; align=\u00a0\u00bbcenter\u00a0\u00bb force_fullwidth=\u00a0\u00bbon\u00a0\u00bb _builder_version=\u00a0\u00bb4.9.10&Prime; _module_preset=\u00a0\u00bbdefault\u00a0\u00bb border_radii=\u00a0\u00bbon|6px|6px|6px|6px\u00a0\u00bb global_colors_info=\u00a0\u00bb{}\u00a0\u00bb][\/et_pb_image]<br \/>\n              [\/et_pb_column]<br \/>\n            [\/et_pb_row]<br \/>\n          [\/et_pb_section]<br \/>\n          [et_pb_section fb_built=\u00a0\u00bb1&Prime; custom_padding_last_edited=\u00a0\u00bbon|phone\u00a0\u00bb _builder_version=\u00a0\u00bb4.9.10&Prime; _module_preset=\u00a0\u00bbdefault\u00a0\u00bb custom_margin=\u00a0\u00bb-79px||||false|false\u00a0\u00bb custom_margin_tablet=\u00a0\u00bb-85px||||false|false\u00a0\u00bb custom_margin_phone=\u00a0\u00bb-34px||||false|false\u00a0\u00bb custom_margin_last_edited=\u00a0\u00bbon|phone\u00a0\u00bb custom_padding=\u00a0\u00bb||27px||false|false\u00a0\u00bb custom_padding_tablet=\u00a0\u00bb\u00a0\u00bb custom_padding_phone=\u00a0\u00bb0px||||false|false\u00a0\u00bb global_colors_info=\u00a0\u00bb{}\u00a0\u00bb]<br \/>\n            [et_pb_row _builder_version=\u00a0\u00bb4.14.3&Prime; _module_preset=\u00a0\u00bbdefault\u00a0\u00bb width=\u00a0\u00bb90%\u00a0\u00bb custom_margin=\u00a0\u00bb16px|auto||161px||\u00a0\u00bb custom_padding=\u00a0\u00bb18px||3px|||\u00a0\u00bb hover_enabled=\u00a0\u00bb0&Prime; global_colors_info=\u00a0\u00bb{}\u00a0\u00bb sticky_enabled=\u00a0\u00bb0&Prime; module_alignment=\u00a0\u00bbcenter\u00a0\u00bb]<br \/>\n              [et_pb_column type=\u00a0\u00bb4_4&Prime; _builder_version=\u00a0\u00bb4.9.10&Prime; _module_preset=\u00a0\u00bbdefault\u00a0\u00bb custom_padding=\u00a0\u00bb|30px|||false|false\u00a0\u00bb border_width_right=\u00a0\u00bb1px\u00a0\u00bb border_color_right=\u00a0\u00bb#000000&Prime; border_style_right=\u00a0\u00bbdashed\u00a0\u00bb global_colors_info=\u00a0\u00bb{}\u00a0\u00bb]<br \/>\n                [et_pb_text _builder_version=\u00a0\u00bb4.9.10&Prime; _module_preset=\u00a0\u00bbdefault\u00a0\u00bb header_2_font=\u00a0\u00bbArchivo|||on|||||\u00a0\u00bb header_2_font_size=\u00a0\u00bb13px\u00a0\u00bb header_2_letter_spacing=\u00a0\u00bb10px\u00a0\u00bb custom_margin=\u00a0\u00bb2px||5px|||\u00a0\u00bb custom_margin_tablet=\u00a0\u00bb\u00a0\u00bb custom_margin_phone=\u00a0\u00bb0px||5px||false|false\u00a0\u00bb custom_margin_last_edited=\u00a0\u00bbon|phone\u00a0\u00bb global_colors_info=\u00a0\u00bb{}\u00a0\u00bb]<\/p>\n<h2>attention \u00e0<\/h2>\n<p>                [\/et_pb_text]<br \/>\n                [et_pb_text _builder_version=\u00a0\u00bb4.9.10&Prime; _module_preset=\u00a0\u00bbdefault\u00a0\u00bb header_font=\u00a0\u00bbAbel||||||||\u00a0\u00bb header_text_color=\u00a0\u00bb#3b444f\u00a0\u00bb header_2_font=\u00a0\u00bbPoppins|800|||||||\u00a0\u00bb header_2_text_align=\u00a0\u00bbleft\u00a0\u00bb header_2_text_color=\u00a0\u00bb#173eb2&Prime; header_2_font_size=\u00a0\u00bb37px\u00a0\u00bb custom_margin=\u00a0\u00bb||10px||false|false\u00a0\u00bb global_colors_info=\u00a0\u00bb{}\u00a0\u00bb]<\/p>\n<h2>Documents de voyage<\/h2>\n<p>                [\/et_pb_text]<br \/>\n                [et_pb_text _builder_version=\u00a0\u00bb4.14.3&Prime; _module_preset=\u00a0\u00bbdefault\u00a0\u00bb text_font=\u00a0\u00bbBarlow|300|||||||\u00a0\u00bb text_text_color=\u00a0\u00bb#000000&Prime; text_font_size=\u00a0\u00bb16px\u00a0\u00bb custom_margin=\u00a0\u00bb||-3px|||\u00a0\u00bb custom_padding=\u00a0\u00bb4px|||||\u00a0\u00bb inline_fonts=\u00a0\u00bbRubik,ABeeZee,Rubik Mono One\u00a0\u00bb global_colors_info=\u00a0\u00bb{}\u00a0\u00bb]<\/p>\n<h4 style=\"text-align: justify;\">\n                    <span style=\"color: #173eb2;\">Billet d&rsquo;avion<\/span><br \/>\n                    <br \/>\n                    <span style=\"color: #173eb2;\"><\/span><br \/>\n                  <\/h4>\n<p style=\"text-align: justify;\">L&rsquo;ancien billet papier est d\u00e9sormais remplac\u00e9 par les compagnies a\u00e9riennes par un billet \u00e9lectronique (E-ticket). Le passager doit alors se pr\u00e9senter \u00e0 l&rsquo;enregistrement avec son code de r\u00e9servation accompagn\u00e9 d&rsquo;une pi\u00e8ce d&rsquo;identit\u00e9 valide.<\/p>\n<p style=\"text-align: justify;\">Avant de partir en voyage, il est important de v\u00e9rifier les documents d&rsquo;identit\u00e9 et de sant\u00e9 exig\u00e9s par les autorit\u00e9s du pays de destination. Toute irr\u00e9gularit\u00e9 pourrait en effet entra\u00eener une interdiction d&rsquo;entr\u00e9e dans le pays.<\/p>\n<p style=\"text-align: justify;\">Lors de la planification de votre voyage, vous devez v\u00e9rifier la date d&rsquo;expiration de votre carte d&rsquo;identit\u00e9 ou de votre passeport. Par pr\u00e9caution, il est conseill\u00e9 de noter le num\u00e9ro, la date et le lieu de d\u00e9livrance, ces donn\u00e9es peuvent \u00eatre utiles en cas de perte ou de vol.<\/p>\n<p style=\"text-align: justify;\">\n<h4 style=\"text-align: justify;\">\n                    <span style=\"color: #173eb2;\">Carte d&rsquo;identit\u00e9<\/span><br \/>\n                  <\/h4>\n<p style=\"text-align: justify;\">Pour voyager dans l&rsquo;espace Schengen, une carte d&rsquo;identit\u00e9 suffit. Il faut v\u00e9rifier qu&rsquo;il n&rsquo;est pas p\u00e9rim\u00e9 et qu&rsquo;il est valable pour l&rsquo;expatriation. Le permis de conduire, en revanche, n&rsquo;est pas valable pour l&rsquo;expatriation.<\/p>\n<p style=\"text-align: justify;\">\n<h4 style=\"text-align: justify;\">\n                    <em><br \/>\n                      <span style=\"color: #000000;\">Pays Schengen<\/span><br \/>\n                    <\/em><br \/>\n                  <\/h4>\n<p style=\"text-align: justify;\">Les pays qui appliquent pleinement l&rsquo;Accord de Schengen sont : Allemagne, Autriche, Belgique, Danemark, Estonie, Finlande, France, Gr\u00e8ce, Italie, Lettonie, Liechtenstein, Lituanie, Luxembourg, Malte, Pays-Bas, Pologne, Portugal, R\u00e9publique tch\u00e8que, Slovaquie, Slov\u00e9nie , l&rsquo;Espagne, la Su\u00e8de et la Hongrie, plus l&rsquo;Islande, la Norv\u00e8ge et la Suisse (qui n&rsquo;appartiennent pas \u00e0 l&rsquo;UE). La Suisse, dernier pays \u00e0 avoir adh\u00e9r\u00e9 \u00e0 l&rsquo;accord de Schengen, a ouvert ses fronti\u00e8res terrestres fin 2008 et ses fronti\u00e8res a\u00e9riennes fin mars 2009.<\/p>\n<p style=\"text-align: justify;\">L&rsquo;Irlande et le Royaume-Uni n&rsquo;ont pas sign\u00e9 l&rsquo;accord. Chypre, qui a rejoint l&rsquo;UE en 2004, ainsi que la Bulgarie et la Roumanie, qui ont adh\u00e9r\u00e9 en 2007, ne participent pas encore pleinement \u00e0 l&rsquo;accord de Schengen. Vous devrez donc pr\u00e9senter un passeport ou une carte d&rsquo;identit\u00e9 en cours de validit\u00e9 pour vous rendre dans ces pays. Le permis de conduire n&rsquo;est pas valable pour l&rsquo;expatriation.<\/p>\n<p style=\"text-align: justify;\">Pour plus d&rsquo;informations, veuillez consulter :<\/p>\n<p style=\"text-align: justify;\">\n                    <a href=\"http:\/\/www.viaggiaresicuri.it\/\" target=\"_blank\" title=\"Viaggiare Sicuri\" rel=\"noopener\">Viaggiare Sicuri<\/a>\n                  <\/p>\n<p style=\"text-align: justify;\">\n                    <a href=\"https:\/\/europa.eu\/youreurope\/citizens\/travel\/entry-exit\/eu-citizen\/index_it.htm\" target=\"_blank\" rel=\"noopener\">Documents de voyage pour les citoyens de l&rsquo;UE <\/a>\n                  <\/p>\n<p style=\"text-align: justify;\">\n<h4>\n                    <span style=\"color: #173eb2;\">Passeport<\/span><br \/>\n                  <\/h4>\n<p style=\"text-align: justify;\">Pour se rendre dans l&rsquo;espace non-Schengen, il faut toutefois pr\u00e9senter un passeport en cours de validit\u00e9 et, pour certains pays, un visa d&rsquo;entr\u00e9e est \u00e9galement requis.<\/p>\n<p style=\"text-align: justify;\">Plus sur :<\/p>\n<p style=\"text-align: justify;\">\n                    <a href=\"https:\/\/europa.eu\/youreurope\/citizens\/travel\/entry-exit\/non-eu-nationals\/index_it.htm\" target=\"_blank\" rel=\"noopener\">Documents de voyage pour les non-ressortissants de l&rsquo;UE<\/a>\n                  <\/p>\n<p style=\"text-align: justify;\">\n                    <a href=\"http:\/\/www.viaggiaresicuri.it\/\" target=\"_blank\" title=\"Viaggiare Sicuri\" rel=\"noopener\">Viaggiare Sicuri<\/a>\n                  <\/p>\n<p style=\"text-align: justify;\">\n                    <a href=\"http:\/\/poliziadistato.it\/\" target=\"_blank\" title=\"Police d'\u00c9tat\" rel=\"noopener\">Police d&rsquo;\u00c9tat<\/a>\n                  <\/p>\n<p style=\"text-align: justify;\">\n                    <a href=\"https:\/\/ec.europa.eu\/immigration\/node_en\" target=\"_blank\" rel=\"noopener\">Commission europ\u00e9enne &gt; Portail europ\u00e9en sur l&rsquo;immigration<\/a>\n                  <\/p>\n<p style=\"text-align: justify;\">Voyager au Maroc : <a href=\"http:\/\/www.viaggiaresicuri.it\/country\/MAR\" target=\"_blank\" rel=\"noopener\">Viaggiare Sicuri &gt; MOROCCO<\/a><\/p>\n<p style=\"text-align: justify;\">\n<h4 style=\"text-align: justify;\">\n                    <span style=\"color: #173eb2;\">Permis de conduire<\/span><br \/>\n                  <\/h4>\n<div>\n                    <span style=\"font-family: Rubik; font-weight: normal;\">Le permis de conduire n&rsquo;est pas un document valable pour l&rsquo;expatriation et \u00e0 l&rsquo;\u00e9tranger il peut ne pas \u00eatre reconnu comme pi\u00e8ce d&rsquo;identit\u00e9.<\/span>\n                  <\/div>\n<\/p>\n<h4>\n                    <span style=\"color: #173eb2;\">Vaccination<\/span><br \/>\n                  <\/h4>\n<div>\n                    <span style=\"font-family: Rubik; font-weight: normal;\">Pour prot\u00e9ger votre sant\u00e9, v\u00e9rifiez toujours si le pays de destination exige des vaccinations ou recommande des mesures pr\u00e9ventives sp\u00e9ciales. Toutes les informations utiles sont disponibles sur le site<a href=\"http:\/\/www.viaggiaresicuri.it\/\" target=\"_blank\" title=\"Viaggiare Sicuri\" rel=\"noopener\"> Viaggiare Sicuri<\/a> .<\/span>\n                  <\/div>\n<div>\n                    <span style=\"font-family: Rubik; font-weight: normal;\"><\/span>\n                  <\/div>\n<p>Mineurs<\/p>\n<p>Tous les mineurs doivent \u00eatre en possession d&rsquo;un document individuel pour voyager.<br \/>A partir du 26\/06\/2012, le mineur ne peut voyager en Europe et \u00e0 l&rsquo;\u00e9tranger qu&rsquo;avec un titre de voyage individuel. Les passeports des parents avec inscriptions d&rsquo;enfants mineurs ne restent valables que pour le titulaire jusqu&rsquo;\u00e0 l&rsquo;expiration naturelle du document lui-m\u00eame.<\/p>\n<p>En savoir plus: <a href=\"http:\/\/poliziadistato.it\/\" target=\"_blank\" rel=\"noopener\">www.poliziadistato.it<\/a><\/p>\n<p>                [\/et_pb_text]<br \/>\n              [\/et_pb_column]<br \/>\n            [\/et_pb_row]<br \/>\n          [\/et_pb_section]<\/p>\n","protected":false},"excerpt":{"rendered":"<p>attention \u00e0 Documents de voyage Billet d&rsquo;avion L&rsquo;ancien billet papier est d\u00e9sormais remplac\u00e9 par les compagnies a\u00e9riennes par un billet \u00e9lectronique (E-ticket). Le passager doit alors se pr\u00e9senter \u00e0 l&rsquo;enregistrement avec son code de r\u00e9servation accompagn\u00e9 d&rsquo;une pi\u00e8ce d&rsquo;identit\u00e9 valide. Avant de partir en voyage, il est important de v\u00e9rifier les documents d&rsquo;identit\u00e9 et de [&hellip;]<\/p>\n","protected":false},"author":3,"featured_media":0,"parent":0,"menu_order":0,"comment_status":"closed","ping_status":"closed","template":"","meta":{"_acf_changed":false,"_et_pb_use_builder":"on","_et_pb_old_content":"","_et_gb_content_width":"","footnotes":""},"class_list":["post-3973","page","type-page","status-publish","hentry"],"acf":[],"_links":{"self":[{"href":"https:\/\/cuneoairport.com\/fr\/wp-json\/wp\/v2\/pages\/3973","targetHints":{"allow":["GET"]}}],"collection":[{"href":"https:\/\/cuneoairport.com\/fr\/wp-json\/wp\/v2\/pages"}],"about":[{"href":"https:\/\/cuneoairport.com\/fr\/wp-json\/wp\/v2\/types\/page"}],"author":[{"embeddable":true,"href":"https:\/\/cuneoairport.com\/fr\/wp-json\/wp\/v2\/users\/3"}],"replies":[{"embeddable":true,"href":"https:\/\/cuneoairport.com\/fr\/wp-json\/wp\/v2\/comments?post=3973"}],"version-history":[{"count":1,"href":"https:\/\/cuneoairport.com\/fr\/wp-json\/wp\/v2\/pages\/3973\/revisions"}],"predecessor-version":[{"id":15415,"href":"https:\/\/cuneoairport.com\/fr\/wp-json\/wp\/v2\/pages\/3973\/revisions\/15415"}],"wp:attachment":[{"href":"https:\/\/cuneoairport.com\/fr\/wp-json\/wp\/v2\/media?parent=3973"}],"curies":[{"name":"wp","href":"https:\/\/api.w.org\/{rel}","templated":true}]}}