{"id":3931,"date":"2021-08-30T16:08:58","date_gmt":"2021-08-30T14:08:58","guid":{"rendered":"https:\/\/cuneoairport.com\/nuovosito\/destinations\/"},"modified":"2024-10-02T16:23:30","modified_gmt":"2024-10-02T14:23:30","slug":"destinations","status":"publish","type":"page","link":"https:\/\/cuneoairport.com\/fr\/destinations\/","title":{"rendered":"Destinations"},"content":{"rendered":"<p>[et_pb_section fb_built=\u00a0\u00bb1&Prime; admin_label=\u00a0\u00bbsection\u00a0\u00bb _builder_version=\u00a0\u00bb4.9.10&Prime; custom_margin_phone=\u00a0\u00bb0px||||false|false\u00a0\u00bb custom_padding=\u00a0\u00bb0px||8px||false|false\u00a0\u00bb global_colors_info=\u00a0\u00bb{}\u00a0\u00bb][et_pb_row use_custom_gutter=\u00a0\u00bbon\u00a0\u00bb gutter_width=\u00a0\u00bb2&Prime; _builder_version=\u00a0\u00bb4.9.10&Prime; _module_preset=\u00a0\u00bbdefault\u00a0\u00bb width=\u00a0\u00bb90%\u00a0\u00bb custom_margin=\u00a0\u00bb42px|auto||auto||\u00a0\u00bb custom_padding=\u00a0\u00bb18px||3px|||\u00a0\u00bb global_colors_info=\u00a0\u00bb{}\u00a0\u00bb][et_pb_column type=\u00a0\u00bb4_4&Prime; _builder_version=\u00a0\u00bb4.9.9&Prime; _module_preset=\u00a0\u00bbdefault\u00a0\u00bb custom_padding=\u00a0\u00bb3px||||false|false\u00a0\u00bb border_color_right=\u00a0\u00bb#000000&Prime; border_style_right=\u00a0\u00bbdashed\u00a0\u00bb global_colors_info=\u00a0\u00bb{}\u00a0\u00bb][et_pb_text _builder_version=\u00a0\u00bb4.14.3&Prime; _module_preset=\u00a0\u00bbdefault\u00a0\u00bb header_2_font=\u00a0\u00bbArchivo|||on|||||\u00a0\u00bb header_2_font_size=\u00a0\u00bb13px\u00a0\u00bb header_2_letter_spacing=\u00a0\u00bb10px\u00a0\u00bb custom_margin=\u00a0\u00bb7px||5px|||\u00a0\u00bb custom_margin_tablet=\u00a0\u00bb\u00a0\u00bb custom_margin_phone=\u00a0\u00bb28px||5px||false|false\u00a0\u00bb custom_margin_last_edited=\u00a0\u00bbon|phone\u00a0\u00bb global_colors_info=\u00a0\u00bb{}\u00a0\u00bb]<\/p>\n<h2>Choisissez parmi nos<\/h2>\n<p>[\/et_pb_text][et_pb_text _builder_version=\u00a0\u00bb4.9.10&Prime; _module_preset=\u00a0\u00bbdefault\u00a0\u00bb header_font=\u00a0\u00bbAbel||||||||\u00a0\u00bb header_text_color=\u00a0\u00bb#3b444f\u00a0\u00bb header_2_font=\u00a0\u00bbPoppins|800|||||||\u00a0\u00bb header_2_text_align=\u00a0\u00bbleft\u00a0\u00bb header_2_text_color=\u00a0\u00bb#173eb2&Prime; header_2_font_size=\u00a0\u00bb37px\u00a0\u00bb custom_margin=\u00a0\u00bb||10px||false|false\u00a0\u00bb custom_padding=\u00a0\u00bb1px|||||\u00a0\u00bb global_colors_info=\u00a0\u00bb{}\u00a0\u00bb]<\/p>\n<h2>Destinations<\/h2>\n<p>[\/et_pb_text][et_pb_text _builder_version=\u00a0\u00bb4.14.3&Prime; _module_preset=\u00a0\u00bbdefault\u00a0\u00bb text_font=\u00a0\u00bbBarlow|300|||||||\u00a0\u00bb text_text_color=\u00a0\u00bb#000000&Prime; text_font_size=\u00a0\u00bb16px\u00a0\u00bb custom_margin=\u00a0\u00bb||19px|||\u00a0\u00bb global_colors_info=\u00a0\u00bb{}\u00a0\u00bb]<\/p>\n<p>Toutes les villes directement reli\u00e9es \u00e0 l&rsquo;<strong> A\u00e9roport de Cuneo<\/strong><\/p>\n<p>[\/et_pb_text][\/et_pb_column][\/et_pb_row][\/et_pb_section][et_pb_section fb_built=\u00a0\u00bb1&Prime; _builder_version=\u00a0\u00bb4.9.9&Prime; _module_preset=\u00a0\u00bbdefault\u00a0\u00bb custom_padding=\u00a0\u00bb6px|||||\u00a0\u00bb global_colors_info=\u00a0\u00bb{}\u00a0\u00bb][et_pb_row _builder_version=\u00a0\u00bb4.9.9&Prime; _module_preset=\u00a0\u00bbdefault\u00a0\u00bb width=\u00a0\u00bb90%\u00a0\u00bb global_colors_info=\u00a0\u00bb{}\u00a0\u00bb][et_pb_column type=\u00a0\u00bb4_4&Prime; _builder_version=\u00a0\u00bb4.9.9&Prime; _module_preset=\u00a0\u00bbdefault\u00a0\u00bb global_colors_info=\u00a0\u00bb{}\u00a0\u00bb][brbl_post_grid include_categories=\u00a0\u00bb70&Prime; post_count=\u00a0\u00bb300&Prime; img_hover_style=\u00a0\u00bbzoon_in\u00a0\u00bb btn_spacing_top=\u00a0\u00bb16px\u00a0\u00bb layout=\u00a0\u00bblayout3&Prime; show_excerpt=\u00a0\u00bboff\u00a0\u00bb show_categories=\u00a0\u00bbon\u00a0\u00bb show_first_category=\u00a0\u00bbon\u00a0\u00bb show_author=\u00a0\u00bboff\u00a0\u00bb show_date=\u00a0\u00bboff\u00a0\u00bb show_btn=\u00a0\u00bbon\u00a0\u00bb button_text=\u00a0\u00bbVoir les d\u00e9tails\u00a0\u00bb overlay_bg_use_color_gradient=\u00a0\u00bbon\u00a0\u00bb overlay_bg_color_gradient_start=\u00a0\u00bbrgba(0,0,0,0.38)\u00a0\u00bb overlay_bg_color_gradient_end=\u00a0\u00bbrgba(0,0,0,0.25)\u00a0\u00bb overlay_bg_color_gradient_overlays_image=\u00a0\u00bbon\u00a0\u00bb content_bg_color=\u00a0\u00bbrgba(255,255,255,0)\u00a0\u00bb column_count_tablet=\u00a0\u00bb2&Prime; column_count_phone=\u00a0\u00bb1&Prime; column_count_last_edited=\u00a0\u00bbon|tablet\u00a0\u00bb _builder_version=\u00a0\u00bb4.14.3&Prime; _module_preset=\u00a0\u00bbdefault\u00a0\u00bb title_font=\u00a0\u00bbPoppins|700|||||||\u00a0\u00bb title_text_color=\u00a0\u00bb#FFFFFF\u00a0\u00bb title_font_size=\u00a0\u00bb27px\u00a0\u00bb excerpt_font=\u00a0\u00bbRubik|300|||||||\u00a0\u00bb excerpt_text_color=\u00a0\u00bb#FFFFFF\u00a0\u00bb custom_button=\u00a0\u00bbon\u00a0\u00bb button_text_size=\u00a0\u00bb16px\u00a0\u00bb button_text_color=\u00a0\u00bb#FFFFFF\u00a0\u00bb button_border_width=\u00a0\u00bb2px\u00a0\u00bb button_border_radius=\u00a0\u00bb2px\u00a0\u00bb button_font=\u00a0\u00bbPoppins||||||||\u00a0\u00bb button_icon=\u00a0\u00bb%%20%%\u00a0\u00bb button_on_hover=\u00a0\u00bboff\u00a0\u00bb button_custom_padding=\u00a0\u00bb|37px|||false|false\u00a0\u00bb hover_enabled=\u00a0\u00bb0&Prime; border_radii_image=\u00a0\u00bbon|6px|6px|6px|6px\u00a0\u00bb border_width_all_content=\u00a0\u00bb0px\u00a0\u00bb global_colors_info=\u00a0\u00bb{}\u00a0\u00bb sticky_enabled=\u00a0\u00bb0&Prime;][\/brbl_post_grid][\/et_pb_column][\/et_pb_row][\/et_pb_section]<\/p>\n","protected":false},"excerpt":{"rendered":"<p>Choisissez parmi nosDestinationsToutes les villes directement reli\u00e9es \u00e0 l&rsquo; A\u00e9roport de Cuneo<div class=\"et_pb_with_border et_pb_module brbl_post_grid brbl_post_grid_0\">\n\t\t\t\t\n\t\t\t\t\n\t\t\t\t\n\t\t\t\t\n\t\t\t\t\n\t\t\t\t\n\t\t\t\t<div class=\"et_pb_module_inner\">\n\t\t\t\t\t<div class=\"brbl-module brbl-post-grid equal-height-on \" data-options=\"{&quot;layout&quot;:&quot;layout3&quot;,&quot;blog_order&quot;:0,&quot;pagination_type&quot;:&quot;&quot;,&quot;loadmore_type&quot;:&quot;scroll&quot;}\" >\r\n                <div id=\"brbl-blog-wrapper\" class=\"brbl-blog brbl-blog-scroll-0\"><div class=\"brbl-blog-item  brbl-blog-item-layout3-0\">\r\n        <article class=\"brbl-post-card brbl-post-card-3 \">\r\n            <figure class=\"brbl-post-thumb\">\r\n\t\t\t<a href=\"https:\/\/cuneoairport.com\/fr\/casablanca\/\">\r\n\t\t\t\t<div class=\"brbl-overlay\" data-icon=\"\"><\/div>\r\n\t\t\t\t<img width=\"1920\" height=\"800\" src=\"https:\/\/cuneoairport.com\/wp-content\/uploads\/2021\/07\/Casablanca-2.jpg\" class=\"attachment-full size-full wp-post-image\" alt=\"\" decoding=\"async\" loading=\"lazy\" srcset=\"https:\/\/cuneoairport.com\/wp-content\/uploads\/2021\/07\/Casablanca-2.jpg 1920w, https:\/\/cuneoairport.com\/wp-content\/uploads\/2021\/07\/Casablanca-2-1280x533.jpg 1280w, https:\/\/cuneoairport.com\/wp-content\/uploads\/2021\/07\/Casablanca-2-980x408.jpg 980w, https:\/\/cuneoairport.com\/wp-content\/uploads\/2021\/07\/Casablanca-2-480x200.jpg 480w\" sizes=\"auto, (min-width: 0px) and (max-width: 480px) 480px, (min-width: 481px) and (max-width: 980px) 980px, (min-width: 981px) and (max-width: 1280px) 1280px, (min-width: 1281px) 1920px, 100vw\" \/>\r\n\t\t\t<\/a>\r\n\t\t<\/figure>\r\n\t\t\t<div class=\"brbl-blog-content\">\r\n                <div class=\"brbl-post-categories\" xyx=\"70\"><a rel=\"tag\" href=\"https:\/\/cuneoairport.com\/fr\/category\/destinations-fr\/\">Destinations<\/a><\/div> <h4 class=\"brbl-post-title\">\r\n                <a href=\"https:\/\/cuneoairport.com\/fr\/casablanca\/\">Casablanca<\/a>\r\n            <\/h4>\r\n\t\t\t\t<div class=\"brbl-blog-meta\">\r\n\t\t\t\t\t \r\n\t\t\t\t<\/div>\r\n\t\t\t\t\r\n\t\t\t\t<div class=\"brbl-post-btn-wrap brbl-flex-base\">\r\n                <a href=\"https:\/\/cuneoairport.com\/fr\/casablanca\/\" target=\"_self\" class=\"et_pb_button brbl-post-btn\" data-icon=\"&amp;#x35;\">\r\n                    Voir les d\u00e9tails\r\n                <\/a>\r\n            <\/div>\r\n            <\/div>\r\n        <\/article>\r\n    <\/div><div class=\"brbl-blog-item  brbl-blog-item-layout3-0\">\r\n        <article class=\"brbl-post-card brbl-post-card-3 \">\r\n            <figure class=\"brbl-post-thumb\">\r\n\t\t\t<a href=\"https:\/\/cuneoairport.com\/fr\/cagliari\/\">\r\n\t\t\t\t<div class=\"brbl-overlay\" data-icon=\"\"><\/div>\r\n\t\t\t\t<img width=\"1920\" height=\"800\" src=\"https:\/\/cuneoairport.com\/wp-content\/uploads\/2021\/07\/Cagliari-2.jpg\" class=\"attachment-full size-full wp-post-image\" alt=\"\" decoding=\"async\" loading=\"lazy\" srcset=\"https:\/\/cuneoairport.com\/wp-content\/uploads\/2021\/07\/Cagliari-2.jpg 1920w, https:\/\/cuneoairport.com\/wp-content\/uploads\/2021\/07\/Cagliari-2-1280x533.jpg 1280w, https:\/\/cuneoairport.com\/wp-content\/uploads\/2021\/07\/Cagliari-2-980x408.jpg 980w, https:\/\/cuneoairport.com\/wp-content\/uploads\/2021\/07\/Cagliari-2-480x200.jpg 480w\" sizes=\"auto, (min-width: 0px) and (max-width: 480px) 480px, (min-width: 481px) and (max-width: 980px) 980px, (min-width: 981px) and (max-width: 1280px) 1280px, (min-width: 1281px) 1920px, 100vw\" \/>\r\n\t\t\t<\/a>\r\n\t\t<\/figure>\r\n\t\t\t<div class=\"brbl-blog-content\">\r\n                <div class=\"brbl-post-categories\" xyx=\"70\"><a rel=\"tag\" href=\"https:\/\/cuneoairport.com\/fr\/category\/destinations-fr\/\">Destinations<\/a><\/div> <h4 class=\"brbl-post-title\">\r\n                <a href=\"https:\/\/cuneoairport.com\/fr\/cagliari\/\">Cagliari<\/a>\r\n            <\/h4>\r\n\t\t\t\t<div class=\"brbl-blog-meta\">\r\n\t\t\t\t\t \r\n\t\t\t\t<\/div>\r\n\t\t\t\t\r\n\t\t\t\t<div class=\"brbl-post-btn-wrap brbl-flex-base\">\r\n                <a href=\"https:\/\/cuneoairport.com\/fr\/cagliari\/\" target=\"_self\" class=\"et_pb_button brbl-post-btn\" data-icon=\"&amp;#x35;\">\r\n                    Voir les d\u00e9tails\r\n                <\/a>\r\n            <\/div>\r\n            <\/div>\r\n        <\/article>\r\n    <\/div><div class=\"brbl-blog-item  brbl-blog-item-layout3-0\">\r\n        <article class=\"brbl-post-card brbl-post-card-3 \">\r\n            <figure class=\"brbl-post-thumb\">\r\n\t\t\t<a href=\"https:\/\/cuneoairport.com\/fr\/palerme\/\">\r\n\t\t\t\t<div class=\"brbl-overlay\" data-icon=\"\"><\/div>\r\n\t\t\t\t<img width=\"1920\" height=\"800\" src=\"https:\/\/cuneoairport.com\/wp-content\/uploads\/2021\/07\/Palermo-1.jpg\" class=\"attachment-full size-full wp-post-image\" alt=\"\" decoding=\"async\" loading=\"lazy\" srcset=\"https:\/\/cuneoairport.com\/wp-content\/uploads\/2021\/07\/Palermo-1.jpg 1920w, https:\/\/cuneoairport.com\/wp-content\/uploads\/2021\/07\/Palermo-1-1280x533.jpg 1280w, https:\/\/cuneoairport.com\/wp-content\/uploads\/2021\/07\/Palermo-1-980x408.jpg 980w, https:\/\/cuneoairport.com\/wp-content\/uploads\/2021\/07\/Palermo-1-480x200.jpg 480w\" sizes=\"auto, (min-width: 0px) and (max-width: 480px) 480px, (min-width: 481px) and (max-width: 980px) 980px, (min-width: 981px) and (max-width: 1280px) 1280px, (min-width: 1281px) 1920px, 100vw\" \/>\r\n\t\t\t<\/a>\r\n\t\t<\/figure>\r\n\t\t\t<div class=\"brbl-blog-content\">\r\n                <div class=\"brbl-post-categories\" xyx=\"70\"><a rel=\"tag\" href=\"https:\/\/cuneoairport.com\/fr\/category\/destinations-fr\/\">Destinations<\/a><\/div> <h4 class=\"brbl-post-title\">\r\n                <a href=\"https:\/\/cuneoairport.com\/fr\/palerme\/\">Palermo<\/a>\r\n            <\/h4>\r\n\t\t\t\t<div class=\"brbl-blog-meta\">\r\n\t\t\t\t\t \r\n\t\t\t\t<\/div>\r\n\t\t\t\t\r\n\t\t\t\t<div class=\"brbl-post-btn-wrap brbl-flex-base\">\r\n                <a href=\"https:\/\/cuneoairport.com\/fr\/palerme\/\" target=\"_self\" class=\"et_pb_button brbl-post-btn\" data-icon=\"&amp;#x35;\">\r\n                    Voir les d\u00e9tails\r\n                <\/a>\r\n            <\/div>\r\n            <\/div>\r\n        <\/article>\r\n    <\/div><div class=\"brbl-blog-item  brbl-blog-item-layout3-0\">\r\n        <article class=\"brbl-post-card brbl-post-card-3 \">\r\n            <figure class=\"brbl-post-thumb\">\r\n\t\t\t<a href=\"https:\/\/cuneoairport.com\/fr\/saint-tropez\/\">\r\n\t\t\t\t<div class=\"brbl-overlay\" data-icon=\"\"><\/div>\r\n\t\t\t\t<img width=\"820\" height=\"312\" src=\"https:\/\/cuneoairport.com\/wp-content\/uploads\/2023\/07\/COPERTINA-SITO-2.jpg\" class=\"attachment-full size-full wp-post-image\" alt=\"\" decoding=\"async\" loading=\"lazy\" srcset=\"https:\/\/cuneoairport.com\/wp-content\/uploads\/2023\/07\/COPERTINA-SITO-2.jpg 820w, https:\/\/cuneoairport.com\/wp-content\/uploads\/2023\/07\/COPERTINA-SITO-2-480x183.jpg 480w\" sizes=\"auto, (min-width: 0px) and (max-width: 480px) 480px, (min-width: 481px) 820px, 100vw\" \/>\r\n\t\t\t<\/a>\r\n\t\t<\/figure>\r\n\t\t\t<div class=\"brbl-blog-content\">\r\n                <div class=\"brbl-post-categories\" xyx=\"70\"><a rel=\"tag\" href=\"https:\/\/cuneoairport.com\/fr\/category\/destinations-fr\/\">Destinations<\/a><\/div> <h4 class=\"brbl-post-title\">\r\n                <a href=\"https:\/\/cuneoairport.com\/fr\/saint-tropez\/\">Saint-Tropez<\/a>\r\n            <\/h4>\r\n\t\t\t\t<div class=\"brbl-blog-meta\">\r\n\t\t\t\t\t \r\n\t\t\t\t<\/div>\r\n\t\t\t\t\r\n\t\t\t\t<div class=\"brbl-post-btn-wrap brbl-flex-base\">\r\n                <a href=\"https:\/\/cuneoairport.com\/fr\/saint-tropez\/\" target=\"_self\" class=\"et_pb_button brbl-post-btn\" data-icon=\"&amp;#x35;\">\r\n                    Voir les d\u00e9tails\r\n                <\/a>\r\n            <\/div>\r\n            <\/div>\r\n        <\/article>\r\n    <\/div><div class=\"brbl-blog-item  brbl-blog-item-layout3-0\">\r\n        <article class=\"brbl-post-card brbl-post-card-3 \">\r\n            <figure class=\"brbl-post-thumb\">\r\n\t\t\t<a href=\"https:\/\/cuneoairport.com\/fr\/katowice\/\">\r\n\t\t\t\t<div class=\"brbl-overlay\" data-icon=\"\"><\/div>\r\n\t\t\t\t<img width=\"1920\" height=\"1080\" src=\"https:\/\/cuneoairport.com\/wp-content\/uploads\/2025\/10\/katowice.png\" class=\"attachment-full size-full wp-post-image\" alt=\"panorama della cita di katowice\" decoding=\"async\" loading=\"lazy\" srcset=\"https:\/\/cuneoairport.com\/wp-content\/uploads\/2025\/10\/katowice.png 1920w, https:\/\/cuneoairport.com\/wp-content\/uploads\/2025\/10\/katowice-1280x720.png 1280w, https:\/\/cuneoairport.com\/wp-content\/uploads\/2025\/10\/katowice-980x551.png 980w, https:\/\/cuneoairport.com\/wp-content\/uploads\/2025\/10\/katowice-480x270.png 480w\" sizes=\"auto, (min-width: 0px) and (max-width: 480px) 480px, (min-width: 481px) and (max-width: 980px) 980px, (min-width: 981px) and (max-width: 1280px) 1280px, (min-width: 1281px) 1920px, 100vw\" \/>\r\n\t\t\t<\/a>\r\n\t\t<\/figure>\r\n\t\t\t<div class=\"brbl-blog-content\">\r\n                <div class=\"brbl-post-categories\" xyx=\"70\"><a rel=\"tag\" href=\"https:\/\/cuneoairport.com\/fr\/category\/destinations-fr\/\">Destinations<\/a><\/div> <h4 class=\"brbl-post-title\">\r\n                <a href=\"https:\/\/cuneoairport.com\/fr\/katowice\/\">Katowice<\/a>\r\n            <\/h4>\r\n\t\t\t\t<div class=\"brbl-blog-meta\">\r\n\t\t\t\t\t \r\n\t\t\t\t<\/div>\r\n\t\t\t\t\r\n\t\t\t\t<div class=\"brbl-post-btn-wrap brbl-flex-base\">\r\n                <a href=\"https:\/\/cuneoairport.com\/fr\/katowice\/\" target=\"_self\" class=\"et_pb_button brbl-post-btn\" data-icon=\"&amp;#x35;\">\r\n                    Voir les d\u00e9tails\r\n                <\/a>\r\n            <\/div>\r\n            <\/div>\r\n        <\/article>\r\n    <\/div><div class=\"brbl-blog-item  brbl-blog-item-layout3-0\">\r\n        <article class=\"brbl-post-card brbl-post-card-3 \">\r\n            <figure class=\"brbl-post-thumb\">\r\n\t\t\t<a href=\"https:\/\/cuneoairport.com\/fr\/sharm-el-sheikh\/\">\r\n\t\t\t\t<div class=\"brbl-overlay\" data-icon=\"\"><\/div>\r\n\t\t\t\t<img width=\"1936\" height=\"1296\" src=\"https:\/\/cuneoairport.com\/wp-content\/uploads\/2026\/01\/Faraana-Sharm.jpg\" class=\"attachment-full size-full wp-post-image\" alt=\"\" decoding=\"async\" loading=\"lazy\" srcset=\"https:\/\/cuneoairport.com\/wp-content\/uploads\/2026\/01\/Faraana-Sharm.jpg 1936w, https:\/\/cuneoairport.com\/wp-content\/uploads\/2026\/01\/Faraana-Sharm-1280x857.jpg 1280w, https:\/\/cuneoairport.com\/wp-content\/uploads\/2026\/01\/Faraana-Sharm-980x656.jpg 980w, https:\/\/cuneoairport.com\/wp-content\/uploads\/2026\/01\/Faraana-Sharm-480x321.jpg 480w\" sizes=\"auto, (min-width: 0px) and (max-width: 480px) 480px, (min-width: 481px) and (max-width: 980px) 980px, (min-width: 981px) and (max-width: 1280px) 1280px, (min-width: 1281px) 1936px, 100vw\" \/>\r\n\t\t\t<\/a>\r\n\t\t<\/figure>\r\n\t\t\t<div class=\"brbl-blog-content\">\r\n                <div class=\"brbl-post-categories\" xyx=\"70\"><a rel=\"tag\" href=\"https:\/\/cuneoairport.com\/fr\/category\/destinations-fr\/\">Destinations<\/a><\/div> <h4 class=\"brbl-post-title\">\r\n                <a href=\"https:\/\/cuneoairport.com\/fr\/sharm-el-sheikh\/\">Sharm el Sheikh<\/a>\r\n            <\/h4>\r\n\t\t\t\t<div class=\"brbl-blog-meta\">\r\n\t\t\t\t\t \r\n\t\t\t\t<\/div>\r\n\t\t\t\t\r\n\t\t\t\t<div class=\"brbl-post-btn-wrap brbl-flex-base\">\r\n                <a href=\"https:\/\/cuneoairport.com\/fr\/sharm-el-sheikh\/\" target=\"_self\" class=\"et_pb_button brbl-post-btn\" data-icon=\"&amp;#x35;\">\r\n                    Voir les d\u00e9tails\r\n                <\/a>\r\n            <\/div>\r\n            <\/div>\r\n        <\/article>\r\n    <\/div><\/div><nav class=\"brbl-pagination\" role=\"navigation\" aria-label=\"Pagination\"><\/nav>\r\n            <\/div>\n\t\t\t\t<\/div>\n\t\t\t<\/div><\/p>\n","protected":false},"author":3,"featured_media":0,"parent":0,"menu_order":0,"comment_status":"closed","ping_status":"closed","template":"","meta":{"_acf_changed":false,"_et_pb_use_builder":"on","_et_pb_old_content":"","_et_gb_content_width":"","footnotes":""},"class_list":["post-3931","page","type-page","status-publish","hentry"],"acf":[],"_links":{"self":[{"href":"https:\/\/cuneoairport.com\/fr\/wp-json\/wp\/v2\/pages\/3931","targetHints":{"allow":["GET"]}}],"collection":[{"href":"https:\/\/cuneoairport.com\/fr\/wp-json\/wp\/v2\/pages"}],"about":[{"href":"https:\/\/cuneoairport.com\/fr\/wp-json\/wp\/v2\/types\/page"}],"author":[{"embeddable":true,"href":"https:\/\/cuneoairport.com\/fr\/wp-json\/wp\/v2\/users\/3"}],"replies":[{"embeddable":true,"href":"https:\/\/cuneoairport.com\/fr\/wp-json\/wp\/v2\/comments?post=3931"}],"version-history":[{"count":1,"href":"https:\/\/cuneoairport.com\/fr\/wp-json\/wp\/v2\/pages\/3931\/revisions"}],"predecessor-version":[{"id":17167,"href":"https:\/\/cuneoairport.com\/fr\/wp-json\/wp\/v2\/pages\/3931\/revisions\/17167"}],"wp:attachment":[{"href":"https:\/\/cuneoairport.com\/fr\/wp-json\/wp\/v2\/media?parent=3931"}],"curies":[{"name":"wp","href":"https:\/\/api.w.org\/{rel}","templated":true}]}}