{"id":3912,"date":"2021-08-30T16:08:48","date_gmt":"2021-08-30T14:08:48","guid":{"rendered":"https:\/\/cuneoairport.com\/nuovosito\/avis-publics-et-appels-doffres\/"},"modified":"2022-08-05T12:53:10","modified_gmt":"2022-08-05T10:53:10","slug":"avis-publics-et-appels-doffres","status":"publish","type":"page","link":"https:\/\/cuneoairport.com\/fr\/avis-publics-et-appels-doffres\/","title":{"rendered":"Avis Publics et Appels d&rsquo;Offres"},"content":{"rendered":"<p>[et_pb_section fb_built=\u00a0\u00bb1&Prime; _builder_version=\u00a0\u00bb4.9.9&Prime; _module_preset=\u00a0\u00bbdefault\u00a0\u00bb custom_padding=\u00a0\u00bb11px||17px|||\u00a0\u00bb global_colors_info=\u00a0\u00bb{}\u00a0\u00bb][et_pb_row _builder_version=\u00a0\u00bb4.9.9&Prime; _module_preset=\u00a0\u00bbdefault\u00a0\u00bb width=\u00a0\u00bb90%\u00a0\u00bb custom_margin=\u00a0\u00bb22px|auto|26px|auto||\u00a0\u00bb custom_padding=\u00a0\u00bb3px||5px|||\u00a0\u00bb global_colors_info=\u00a0\u00bb{}\u00a0\u00bb][et_pb_column type=\u00a0\u00bb4_4&Prime; _builder_version=\u00a0\u00bb4.9.9&Prime; _module_preset=\u00a0\u00bbdefault\u00a0\u00bb global_colors_info=\u00a0\u00bb{}\u00a0\u00bb][et_pb_text _builder_version=\u00a0\u00bb4.9.10&Prime; _module_preset=\u00a0\u00bbdefault\u00a0\u00bb header_font=\u00a0\u00bbAbel||||||||\u00a0\u00bb header_text_color=\u00a0\u00bb#3b444f\u00a0\u00bb header_2_font=\u00a0\u00bbPoppins|800|||||||\u00a0\u00bb header_2_text_align=\u00a0\u00bbcenter\u00a0\u00bb header_2_text_color=\u00a0\u00bb#173eb2&Prime; header_2_font_size=\u00a0\u00bb37px\u00a0\u00bb custom_margin=\u00a0\u00bb||1px||false|false\u00a0\u00bb global_colors_info=\u00a0\u00bb{}\u00a0\u00bb]<\/p>\n<h2>Avis publics et appels d&rsquo;offres<\/h2>\n<p>[\/et_pb_text][brbl_post_grid include_categories=\u00a0\u00bb44&Prime; order=\u00a0\u00bbDESC\u00a0\u00bb date_format=\u00a0\u00bbd M Y\u00a0\u00bb title_spacing_top=\u00a0\u00bb0px\u00a0\u00bb title_spacing_bottom=\u00a0\u00bb0px\u00a0\u00bb show_avatar=\u00a0\u00bboff\u00a0\u00bb show_thumb=\u00a0\u00bboff\u00a0\u00bb show_categories=\u00a0\u00bbon\u00a0\u00bb show_author=\u00a0\u00bboff\u00a0\u00bb pagination_type=\u00a0\u00bbloadmore\u00a0\u00bb overlay_icon=\u00a0\u00bb&#x40;||divi||400&Prime; content_bg_color=\u00a0\u00bb#173eb2&Prime; column_count_tablet=\u00a0\u00bb2&Prime; column_count_phone=\u00a0\u00bb1&Prime; column_count_last_edited=\u00a0\u00bbon|phone\u00a0\u00bb _builder_version=\u00a0\u00bb4.14.3&Prime; _module_preset=\u00a0\u00bbdefault\u00a0\u00bb title_font=\u00a0\u00bbPoppins||||||||\u00a0\u00bb title_font_size=\u00a0\u00bb20px\u00a0\u00bb excerpt_font=\u00a0\u00bbRubik|300|||||||\u00a0\u00bb custom_margin=\u00a0\u00bb31px||||false|false\u00a0\u00bb hover_enabled=\u00a0\u00bb0&Prime; border_radii_post=\u00a0\u00bbon|6px|6px|6px|6px\u00a0\u00bb border_radii_content=\u00a0\u00bbon||||\u00a0\u00bb border_width_all_content=\u00a0\u00bb3px\u00a0\u00bb border_color_all_content=\u00a0\u00bb#173eb2&Prime; box_shadow_style_content=\u00a0\u00bbpreset1&Prime; global_colors_info=\u00a0\u00bb{}\u00a0\u00bb post_bg_color=\u00a0\u00bb#173eb2&Prime; post_bg_enable_color=\u00a0\u00bbon\u00a0\u00bb sticky_enabled=\u00a0\u00bb0&Prime; content_bg_enable_color=\u00a0\u00bbon\u00a0\u00bb title_text_color=\u00a0\u00bb#FFFFFF\u00a0\u00bb excerpt_text_color=\u00a0\u00bb#FFFFFF\u00a0\u00bb date_icon_color=\u00a0\u00bb#FFFFFF\u00a0\u00bb author_icon_color=\u00a0\u00bb#FFFFFF\u00a0\u00bb date_text_color=\u00a0\u00bb#E02B20&Prime;][\/brbl_post_grid][\/et_pb_column][\/et_pb_row][\/et_pb_section]<\/p>\n","protected":false},"excerpt":{"rendered":"<p>Avis publics et appels d&rsquo;offres<div class=\"et_pb_with_border et_pb_module brbl_post_grid brbl_post_grid_0\">\n\t\t\t\t\n\t\t\t\t\n\t\t\t\t\n\t\t\t\t\n\t\t\t\t\n\t\t\t\t\n\t\t\t\t<div class=\"et_pb_module_inner\">\n\t\t\t\t\t<div class=\"brbl-module brbl-post-grid equal-height-on brbl-postgrid-infinite\" data-options=\"{&quot;layout&quot;:&quot;layout4&quot;,&quot;blog_order&quot;:0,&quot;pagination_type&quot;:&quot;loadmore&quot;,&quot;loadmore_type&quot;:&quot;scroll&quot;}\" >\r\n                <div id=\"brbl-blog-wrapper\" class=\"brbl-blog brbl-blog-scroll-0\"><div class=\"brbl-blog-item  brbl-blog-item-layout4-0\">\r\n        <article class=\"brbl-post-card brbl-post-card-4\">\r\n\t\t\t\r\n\t\t\t\r\n            <div class=\"brbl-blog-content\">\r\n\t\t\t\t<h4 class=\"brbl-post-title\">\r\n                <a href=\"https:\/\/cuneoairport.com\/fr\/avis-public-11\/\">AVIS PUBLIC<\/a>\r\n            <\/h4>\r\n\t\t\t\t<div class=\"brbl-post-excerpt\">AVIS DE PROCEDURE DE SELECTION POUR LA SOUS-CONCESSION DE SURFACES DE BUREAUX POUR DES ACTIVITES DE FORMATION PROFESSIONNELLE.<\/div>\r\n                <div class=\"brbl-blog-meta\">\r\n                    \r\n                    <div class=\"brbl-post-date\">\r\n            <svg enable-background=\"new 0 0 443.294 443.294\" viewBox=\"0 0 443.29 443.29\" xmlns=\"http:\/\/www.w3.org\/2000\/svg\"><path d=\"m221.65 0c-122.21 0-221.65 99.433-221.65 221.65s99.433 221.65 221.65 221.65 221.65-99.433 221.65-221.65-99.433-221.65-221.65-221.65zm0 415.59c-106.94 0-193.94-87-193.94-193.94s87-193.94 193.94-193.94 193.94 87 193.94 193.94-87 193.94-193.94 193.94z\"\/><path d=\"m235.5 83.118h-27.706v144.26l87.176 87.176 19.589-19.589-79.059-79.059z\"\/>\r\n    <\/svg>\r\n            30 Ao\u00fbt 2023\r\n        <\/div>\r\n                <\/div>\r\n            <\/div>\r\n        <\/article>\r\n    <\/div><div class=\"brbl-blog-item  brbl-blog-item-layout4-0\">\r\n        <article class=\"brbl-post-card brbl-post-card-4\">\r\n\t\t\t\r\n\t\t\t\r\n            <div class=\"brbl-blog-content\">\r\n\t\t\t\t<h4 class=\"brbl-post-title\">\r\n                <a href=\"https:\/\/cuneoairport.com\/fr\/avis-public-10\/\">AVIS PUBLIC<\/a>\r\n            <\/h4>\r\n\t\t\t\t<div class=\"brbl-post-excerpt\">AVIS PUBLIC PROC\u00c9DURE DE SOUS-CONCESSION DE ZONES \u00c0 UTILISER COMME BARS, RESTAURANTS ET REVENTE \u00c0 L&rsquo;A\u00c9ROPORT DE CUNEO<\/div>\r\n                <div class=\"brbl-blog-meta\">\r\n                    \r\n                    <div class=\"brbl-post-date\">\r\n            <svg enable-background=\"new 0 0 443.294 443.294\" viewBox=\"0 0 443.29 443.29\" xmlns=\"http:\/\/www.w3.org\/2000\/svg\"><path d=\"m221.65 0c-122.21 0-221.65 99.433-221.65 221.65s99.433 221.65 221.65 221.65 221.65-99.433 221.65-221.65-99.433-221.65-221.65-221.65zm0 415.59c-106.94 0-193.94-87-193.94-193.94s87-193.94 193.94-193.94 193.94 87 193.94 193.94-87 193.94-193.94 193.94z\"\/><path d=\"m235.5 83.118h-27.706v144.26l87.176 87.176 19.589-19.589-79.059-79.059z\"\/>\r\n    <\/svg>\r\n            01 Ao\u00fbt 2023\r\n        <\/div>\r\n                <\/div>\r\n            <\/div>\r\n        <\/article>\r\n    <\/div><div class=\"brbl-blog-item  brbl-blog-item-layout4-0\">\r\n        <article class=\"brbl-post-card brbl-post-card-4\">\r\n\t\t\t\r\n\t\t\t\r\n            <div class=\"brbl-blog-content\">\r\n\t\t\t\t<h4 class=\"brbl-post-title\">\r\n                <a href=\"https:\/\/cuneoairport.com\/fr\/avis-public-9\/\">AVIS PUBLIC<\/a>\r\n            <\/h4>\r\n\t\t\t\t<div class=\"brbl-post-excerpt\">PROC\u00c9DURE DE SOUS-TRAITANCE DES ESPACES DE HANGAR<\/div>\r\n                <div class=\"brbl-blog-meta\">\r\n                    \r\n                    <div class=\"brbl-post-date\">\r\n            <svg enable-background=\"new 0 0 443.294 443.294\" viewBox=\"0 0 443.29 443.29\" xmlns=\"http:\/\/www.w3.org\/2000\/svg\"><path d=\"m221.65 0c-122.21 0-221.65 99.433-221.65 221.65s99.433 221.65 221.65 221.65 221.65-99.433 221.65-221.65-99.433-221.65-221.65-221.65zm0 415.59c-106.94 0-193.94-87-193.94-193.94s87-193.94 193.94-193.94 193.94 87 193.94 193.94-87 193.94-193.94 193.94z\"\/><path d=\"m235.5 83.118h-27.706v144.26l87.176 87.176 19.589-19.589-79.059-79.059z\"\/>\r\n    <\/svg>\r\n            01 Ao\u00fbt 2023\r\n        <\/div>\r\n                <\/div>\r\n            <\/div>\r\n        <\/article>\r\n    <\/div><div class=\"brbl-blog-item  brbl-blog-item-layout4-0\">\r\n        <article class=\"brbl-post-card brbl-post-card-4\">\r\n\t\t\t\r\n\t\t\t\r\n            <div class=\"brbl-blog-content\">\r\n\t\t\t\t<h4 class=\"brbl-post-title\">\r\n                <a href=\"https:\/\/cuneoairport.com\/fr\/avis-public-7\/\">AVIS PUBLIC<\/a>\r\n            <\/h4>\r\n\t\t\t\t<div class=\"brbl-post-excerpt\">PROC\u00c9DURE DE CESSION EN SOUS-CONCESSION DES ESPACES DE HANGAR ET DES SALLES D&rsquo;ENSEIGNEMENT<\/div>\r\n                <div class=\"brbl-blog-meta\">\r\n                    \r\n                    <div class=\"brbl-post-date\">\r\n            <svg enable-background=\"new 0 0 443.294 443.294\" viewBox=\"0 0 443.29 443.29\" xmlns=\"http:\/\/www.w3.org\/2000\/svg\"><path d=\"m221.65 0c-122.21 0-221.65 99.433-221.65 221.65s99.433 221.65 221.65 221.65 221.65-99.433 221.65-221.65-99.433-221.65-221.65-221.65zm0 415.59c-106.94 0-193.94-87-193.94-193.94s87-193.94 193.94-193.94 193.94 87 193.94 193.94-87 193.94-193.94 193.94z\"\/><path d=\"m235.5 83.118h-27.706v144.26l87.176 87.176 19.589-19.589-79.059-79.059z\"\/>\r\n    <\/svg>\r\n            15 Mar 2022\r\n        <\/div>\r\n                <\/div>\r\n            <\/div>\r\n        <\/article>\r\n    <\/div><div class=\"brbl-blog-item  brbl-blog-item-layout4-0\">\r\n        <article class=\"brbl-post-card brbl-post-card-4\">\r\n\t\t\t\r\n\t\t\t\r\n            <div class=\"brbl-blog-content\">\r\n\t\t\t\t<h4 class=\"brbl-post-title\">\r\n                <a href=\"https:\/\/cuneoairport.com\/fr\/avis-public-6\/\">AVIS PUBLIC<\/a>\r\n            <\/h4>\r\n\t\t\t\t<div class=\"brbl-post-excerpt\">EXPLORATION AVIS DE MANIFESTATION D&rsquo;INT\u00c9R\u00caT POUR LA PARTICIPATION \u00c0 LA PROC\u00c9DURE D&rsquo;ENTR\u00c9E AU SERVICE DE LA GARANTIE D&rsquo;ASSURANCE...<\/div>\r\n                <div class=\"brbl-blog-meta\">\r\n                    \r\n                    <div class=\"brbl-post-date\">\r\n            <svg enable-background=\"new 0 0 443.294 443.294\" viewBox=\"0 0 443.29 443.29\" xmlns=\"http:\/\/www.w3.org\/2000\/svg\"><path d=\"m221.65 0c-122.21 0-221.65 99.433-221.65 221.65s99.433 221.65 221.65 221.65 221.65-99.433 221.65-221.65-99.433-221.65-221.65-221.65zm0 415.59c-106.94 0-193.94-87-193.94-193.94s87-193.94 193.94-193.94 193.94 87 193.94 193.94-87 193.94-193.94 193.94z\"\/><path d=\"m235.5 83.118h-27.706v144.26l87.176 87.176 19.589-19.589-79.059-79.059z\"\/>\r\n    <\/svg>\r\n            11 Jan 2022\r\n        <\/div>\r\n                <\/div>\r\n            <\/div>\r\n        <\/article>\r\n    <\/div><div class=\"brbl-blog-item  brbl-blog-item-layout4-0\">\r\n        <article class=\"brbl-post-card brbl-post-card-4\">\r\n\t\t\t\r\n\t\t\t\r\n            <div class=\"brbl-blog-content\">\r\n\t\t\t\t<h4 class=\"brbl-post-title\">\r\n                <a href=\"https:\/\/cuneoairport.com\/fr\/avis-public-5\/\">AVIS PUBLIC<\/a>\r\n            <\/h4>\r\n\t\t\t\t<div class=\"brbl-post-excerpt\">PROC\u00c9DURE DE SOUS-CONCESSION DE ZONES \u00c0 UTILISER COMME BARS, RESTAURANTS ET REVENTE \u00c0 L&rsquo;A\u00c9ROPORT DE CUNEO<\/div>\r\n                <div class=\"brbl-blog-meta\">\r\n                    \r\n                    <div class=\"brbl-post-date\">\r\n            <svg enable-background=\"new 0 0 443.294 443.294\" viewBox=\"0 0 443.29 443.29\" xmlns=\"http:\/\/www.w3.org\/2000\/svg\"><path d=\"m221.65 0c-122.21 0-221.65 99.433-221.65 221.65s99.433 221.65 221.65 221.65 221.65-99.433 221.65-221.65-99.433-221.65-221.65-221.65zm0 415.59c-106.94 0-193.94-87-193.94-193.94s87-193.94 193.94-193.94 193.94 87 193.94 193.94-87 193.94-193.94 193.94z\"\/><path d=\"m235.5 83.118h-27.706v144.26l87.176 87.176 19.589-19.589-79.059-79.059z\"\/>\r\n    <\/svg>\r\n            30 Ao\u00fbt 2021\r\n        <\/div>\r\n                <\/div>\r\n            <\/div>\r\n        <\/article>\r\n    <\/div><\/div><nav class=\"brbl-pagination\" role=\"navigation\" aria-label=\"Pagination\"><div class=\"brbl-page-load-status brbl-page-load-status-0\" style=\"display: none;\">\r\n\t\t\t\t<div class=\"loader-ellips infinite-scroll-request\">\r\n\t\t\t\t\t<span class=\"loader-ellips__dot\"><\/span>\r\n\t\t\t\t\t<span class=\"loader-ellips__dot\"><\/span>\r\n\t\t\t\t\t<span class=\"loader-ellips__dot\"><\/span>\r\n\t\t\t\t\t<span class=\"loader-ellips__dot\"><\/span>\r\n\t\t\t\t<\/div>\r\n\t\t\t<\/div><div class=\"pagination clearfix\">\r\n\t<div class=\"alignleft\"><a href=\"https:\/\/cuneoairport.com\/fr\/wp-json\/wp\/v2\/pages\/3912\/page\/2\/\" >&laquo; Entr\u00e9es pr\u00e9c\u00e9dentes<\/a><\/div>\r\n\t<div class=\"alignright\"><\/div>\r\n<\/div><\/nav>\r\n            <\/div>\n\t\t\t\t<\/div>\n\t\t\t<\/div><\/p>\n","protected":false},"author":3,"featured_media":0,"parent":0,"menu_order":0,"comment_status":"closed","ping_status":"closed","template":"","meta":{"_acf_changed":false,"_et_pb_use_builder":"on","_et_pb_old_content":"","_et_gb_content_width":"","footnotes":""},"class_list":["post-3912","page","type-page","status-publish","hentry"],"acf":[],"_links":{"self":[{"href":"https:\/\/cuneoairport.com\/fr\/wp-json\/wp\/v2\/pages\/3912","targetHints":{"allow":["GET"]}}],"collection":[{"href":"https:\/\/cuneoairport.com\/fr\/wp-json\/wp\/v2\/pages"}],"about":[{"href":"https:\/\/cuneoairport.com\/fr\/wp-json\/wp\/v2\/types\/page"}],"author":[{"embeddable":true,"href":"https:\/\/cuneoairport.com\/fr\/wp-json\/wp\/v2\/users\/3"}],"replies":[{"embeddable":true,"href":"https:\/\/cuneoairport.com\/fr\/wp-json\/wp\/v2\/comments?post=3912"}],"version-history":[{"count":0,"href":"https:\/\/cuneoairport.com\/fr\/wp-json\/wp\/v2\/pages\/3912\/revisions"}],"wp:attachment":[{"href":"https:\/\/cuneoairport.com\/fr\/wp-json\/wp\/v2\/media?parent=3912"}],"curies":[{"name":"wp","href":"https:\/\/api.w.org\/{rel}","templated":true}]}}