{"id":3910,"date":"2021-08-30T16:08:48","date_gmt":"2021-08-30T14:08:48","guid":{"rendered":"https:\/\/cuneoairport.com\/nuovosito\/autorisations-dacces\/"},"modified":"2025-04-10T11:10:38","modified_gmt":"2025-04-10T09:10:38","slug":"autorisations-dacces","status":"publish","type":"page","link":"https:\/\/cuneoairport.com\/fr\/autorisations-dacces\/","title":{"rendered":"Autorisations d&rsquo;acc\u00e8s"},"content":{"rendered":"<p>[et_pb_section fb_built=\u00a0\u00bb1&Prime; _builder_version=\u00a0\u00bb4.16&Prime; _module_preset=\u00a0\u00bbdefault\u00a0\u00bb custom_padding=\u00a0\u00bb3px||6px|||\u00a0\u00bb global_colors_info=\u00a0\u00bb{}\u00a0\u00bb][et_pb_row _builder_version=\u00a0\u00bb4.16&Prime; _module_preset=\u00a0\u00bbdefault\u00a0\u00bb width=\u00a0\u00bb90%\u00a0\u00bb global_colors_info=\u00a0\u00bb{}\u00a0\u00bb][et_pb_column type=\u00a0\u00bb4_4&Prime; _builder_version=\u00a0\u00bb4.16&Prime; _module_preset=\u00a0\u00bbdefault\u00a0\u00bb global_colors_info=\u00a0\u00bb{}\u00a0\u00bb][et_pb_image title_text=\u00a0\u00bbiStock-919763570-980&#215;364 (10)\u00a0\u00bb align=\u00a0\u00bbcenter\u00a0\u00bb force_fullwidth=\u00a0\u00bbon\u00a0\u00bb _builder_version=\u00a0\u00bb4.16&Prime; _module_preset=\u00a0\u00bbdefault\u00a0\u00bb border_radii=\u00a0\u00bbon|6px|6px|6px|6px\u00a0\u00bb global_colors_info=\u00a0\u00bb{}\u00a0\u00bb][\/et_pb_image][\/et_pb_column][\/et_pb_row][\/et_pb_section][et_pb_section fb_built=\u00a0\u00bb1&Prime; _builder_version=\u00a0\u00bb4.16&Prime; _module_preset=\u00a0\u00bbdefault\u00a0\u00bb custom_margin=\u00a0\u00bb-79px||||false|false\u00a0\u00bb custom_padding=\u00a0\u00bb||27px||false|false\u00a0\u00bb global_colors_info=\u00a0\u00bb{}\u00a0\u00bb][et_pb_row use_custom_gutter=\u00a0\u00bbon\u00a0\u00bb gutter_width=\u00a0\u00bb2&Prime; _builder_version=\u00a0\u00bb4.16&Prime; _module_preset=\u00a0\u00bbdefault\u00a0\u00bb width=\u00a0\u00bb90%\u00a0\u00bb custom_margin=\u00a0\u00bb16px|auto||auto||\u00a0\u00bb custom_padding=\u00a0\u00bb18px||3px|||\u00a0\u00bb global_colors_info=\u00a0\u00bb{}\u00a0\u00bb][et_pb_column type=\u00a0\u00bb4_4&Prime; _builder_version=\u00a0\u00bb4.16&Prime; _module_preset=\u00a0\u00bbdefault\u00a0\u00bb custom_padding=\u00a0\u00bb|30px|||false|false\u00a0\u00bb border_width_right=\u00a0\u00bb1px\u00a0\u00bb border_color_right=\u00a0\u00bb#000000&Prime; border_style_right=\u00a0\u00bbdashed\u00a0\u00bb global_colors_info=\u00a0\u00bb{}\u00a0\u00bb][et_pb_text _builder_version=\u00a0\u00bb4.16&Prime; _module_preset=\u00a0\u00bbdefault\u00a0\u00bb header_2_font=\u00a0\u00bbArchivo|||on|||||\u00a0\u00bb header_2_font_size=\u00a0\u00bb13px\u00a0\u00bb header_2_letter_spacing=\u00a0\u00bb10px\u00a0\u00bb custom_margin=\u00a0\u00bb2px||5px|||\u00a0\u00bb custom_margin_tablet=\u00a0\u00bb\u00a0\u00bb custom_margin_phone=\u00a0\u00bb0px||5px||false|false\u00a0\u00bb custom_margin_last_edited=\u00a0\u00bbon|phone\u00a0\u00bb custom_padding=\u00a0\u00bb||0px|||\u00a0\u00bb global_colors_info=\u00a0\u00bb{}\u00a0\u00bb]                  <\/p>\n<h2>demande<\/h2>\n<p>[\/et_pb_text][et_pb_text _builder_version=\u00a0\u00bb4.16&Prime; _module_preset=\u00a0\u00bbdefault\u00a0\u00bb header_font=\u00a0\u00bbAbel||||||||\u00a0\u00bb header_text_color=\u00a0\u00bb#3b444f\u00a0\u00bb header_2_font=\u00a0\u00bbPoppins|800|||||||\u00a0\u00bb header_2_text_align=\u00a0\u00bbleft\u00a0\u00bb header_2_text_color=\u00a0\u00bb#173eb2&Prime; header_2_font_size=\u00a0\u00bb37px\u00a0\u00bb custom_margin=\u00a0\u00bb||10px||false|false\u00a0\u00bb global_colors_info=\u00a0\u00bb{}\u00a0\u00bb]                  <\/p>\n<h2>Autorisations d&rsquo;acc\u00e8s<\/h2>\n<p>[\/et_pb_text][et_pb_text _builder_version=\u00a0\u00bb4.27.2&Prime; _module_preset=\u00a0\u00bbdefault\u00a0\u00bb text_font=\u00a0\u00bbBarlow|300|||||||\u00a0\u00bb text_text_color=\u00a0\u00bb#000000&Prime; text_font_size=\u00a0\u00bb16px\u00a0\u00bb custom_margin=\u00a0\u00bb||-3px|||\u00a0\u00bb hover_enabled=\u00a0\u00bb0&Prime; global_colors_info=\u00a0\u00bb{}\u00a0\u00bb sticky_enabled=\u00a0\u00bb0&Prime;]<\/p>\n<p><span style=\"background-color: #ffffff; font-size: 16px;\">Pour les demandes de <strong> permis d&rsquo;acc\u00e8s \u00e0 la<\/strong> zone a\u00e9roportuaire, veuillez remplir les demandes et les envoyer via le <em>formulaire<\/em> ci-dessous.<\/span><\/p>\n<p><strong><a href=\"https:\/\/cuneoairport.com\/wp-content\/uploads\/2025\/04\/TARIFFE-RILASCIO-PERMESSI-E-PATENTI-2025.pdf\" target=\"_blank\" rel=\"noopener\">Permis d&rsquo;acc\u00e8s et redevances a\u00e9roportuaires<\/a><\/strong><\/p>\n<p><span style=\"background-color: #ffffff; font-size: 16px;\">R\u00e8gles de r\u00e9gulation de <strong>l&rsquo;acc\u00e8s et de la circulation des personnes et des v\u00e9hicules<\/strong> :<\/span><\/p>\n<ul>\n<li><a href=\"https:\/\/cuneoairport.com\/wp-content\/uploads\/2022\/09\/Documentazione-Richiesta-aree-sterili.pdf\" target=\"_blank\" rel=\"noopener\"><strong><span style=\"font-size: medium;\">Documentation requise<\/span><\/strong><\/a><strong><span style=\"font-size: medium;\"> pour <\/span><\/strong><strong><span style=\"font-size: medium;\"><a href=\"https:\/\/cuneoairport.com\/wp-content\/uploads\/2023\/09\/All.-1-Modello-Tesserino-Aree-Sterili-GDPR-1.pdf\" target=\"_blank\" rel=\"attachment noopener wp-att-9063\">Formulaire de demande de laissez-passer pour les zones st\u00e9riles <\/a><\/span><\/strong><\/li>\n<li><strong style=\"font-size: 16px; font-family: Barlow, Helvetica, Arial, Lucida, sans-serif;\"><span style=\"font-size: medium;\"><a href=\"https:\/\/cuneoairport.com\/wp-content\/uploads\/2022\/09\/Documentazione-Richiesta-aree-NON-sterili.pdf\" target=\"_blank\" rel=\"attachment noopener wp-att-8998\">Documentation requise<\/a> pour le <a href=\"https:\/\/cuneoairport.com\/wp-content\/uploads\/2022\/10\/All.-2-Modello-Richiesta-Tesserino-Aree-NON-Sterili-GDPR.pdf\" target=\"_blank\" rel=\"noopener\">formulaire de demande concernant les zones NON st\u00e9riles<\/a><\/span><br \/><\/strong><\/li>\n<li><strong><span style=\"font-size: medium;\"><a href=\"https:\/\/cuneoairport.com\/wp-content\/uploads\/2022\/09\/Documentazione-Richiesta-Visitatore.pdf\" target=\"_blank\" rel=\"attachment noopener wp-att-9004\">Documents requis <\/a>pour le <a href=\"https:\/\/cuneoairport.com\/wp-content\/uploads\/2022\/10\/All.-4-Modulo-Richiesta-Tesserino-Visitatore-Giornaliero-GDPR.pdf\" target=\"_blank\" rel=\"noopener\">formulaire de demande de carte de visiteur<\/a>\u00a0<\/span><br \/><\/strong><\/li>\n<li><strong><span style=\"font-size: medium;\"><a href=\"https:\/\/cuneoairport.com\/wp-content\/uploads\/2022\/09\/Documentazione-Richiesta-Permanente-Mezzi.pdf\" target=\"_blank\" rel=\"noopener\">Documents requis<\/a> pour le <a href=\"https:\/\/cuneoairport.com\/wp-content\/uploads\/2022\/10\/All.-6-Modulo-Richiesta-Lasciapassare-permanente-mezzi-GDPR.pdf\" target=\"_blank\" rel=\"attachment noopener wp-att-9010\">mod\u00e8le Demande de carte permanente pour v\u00e9hicules <\/a> <\/span><br \/><\/strong><\/li>\n<li><strong><span style=\"font-size: medium;\"><a href=\"https:\/\/cuneoairport.com\/wp-content\/uploads\/2022\/10\/All.-3-Modello-Richiesta-Tesserino-Enti-di-Stato-GDPR.pdf\" target=\"_blank\" rel=\"attachment noopener wp-att-9067\">Formulaire de demande pour les institutions publiques<\/a><br \/><\/span><br \/><\/strong><\/li>\n<\/ul>\n<p><em>\u00a0<\/em><\/p>\n<ul>\n<li><strong>Licence d&rsquo;a\u00e9roport (ADC)<\/strong><\/li>\n<\/ul>\n<p><strong><br \/><a href=\"https:\/\/cuneoairport.com\/wp-content\/uploads\/2022\/09\/Mod.01-ADC2016.pdf\" target=\"_blank\" rel=\"noopener\">Demande de licence d&rsquo;a\u00e9roport c\u00f4t\u00e9 piste &#8211; Mod. 01 ADC<\/a><br \/><\/strong><br \/><strong><br \/><a href=\"https:\/\/cuneoairport.com\/wp-content\/uploads\/2022\/09\/Mod.02-ADC-trasferimento-da-altro-scalo2016.pdf\" target=\"_blank\" rel=\"noopener\">Demande de licence d&rsquo;a\u00e9roport c\u00f4t\u00e9 piste &#8211; ADC transfert d&rsquo;autres a\u00e9roports nationaux &#8211; Mod. 02 ADC<\/a><br \/><\/strong><\/p>\n<p>&nbsp;<\/p>\n<p><em> <a href=\"https:\/\/cuneoairport.com\/wp-content\/uploads\/2023\/10\/ALLEGATO-8-NUOVO-DICHIARAZ.-SOSTITUTIVA.pdf\" target=\"_blank\" rel=\"attachment noopener wp-att-9013\">Formulaire de d\u00e9claration de substitution <\/a><br \/><\/em><br \/><em><br \/><\/em><\/p>\n<p><a href=\"https:\/\/cuneoairport.com\/mappa-aeroporto\/\" target=\"_blank\" rel=\"noopener\"><br \/><strong>Cartes des a\u00e9roports<\/strong><\/a><\/p>\n<p>[\/et_pb_text][\/et_pb_column][\/et_pb_row][\/et_pb_section]<\/p>\n","protected":false},"excerpt":{"rendered":"<p>demande Autorisations d&rsquo;acc\u00e8sPour les demandes de permis d&rsquo;acc\u00e8s \u00e0 la zone a\u00e9roportuaire, veuillez remplir les demandes et les envoyer via le formulaire ci-dessous. Permis d&rsquo;acc\u00e8s et redevances a\u00e9roportuaires R\u00e8gles de r\u00e9gulation de l&rsquo;acc\u00e8s et de la circulation des personnes et des v\u00e9hicules : Documentation requise pour Formulaire de demande de laissez-passer pour les zones st\u00e9riles [&hellip;]<\/p>\n","protected":false},"author":3,"featured_media":0,"parent":0,"menu_order":0,"comment_status":"closed","ping_status":"closed","template":"","meta":{"_acf_changed":false,"_et_pb_use_builder":"on","_et_pb_old_content":"","_et_gb_content_width":"","footnotes":""},"class_list":["post-3910","page","type-page","status-publish","hentry"],"acf":[],"_links":{"self":[{"href":"https:\/\/cuneoairport.com\/fr\/wp-json\/wp\/v2\/pages\/3910","targetHints":{"allow":["GET"]}}],"collection":[{"href":"https:\/\/cuneoairport.com\/fr\/wp-json\/wp\/v2\/pages"}],"about":[{"href":"https:\/\/cuneoairport.com\/fr\/wp-json\/wp\/v2\/types\/page"}],"author":[{"embeddable":true,"href":"https:\/\/cuneoairport.com\/fr\/wp-json\/wp\/v2\/users\/3"}],"replies":[{"embeddable":true,"href":"https:\/\/cuneoairport.com\/fr\/wp-json\/wp\/v2\/comments?post=3910"}],"version-history":[{"count":3,"href":"https:\/\/cuneoairport.com\/fr\/wp-json\/wp\/v2\/pages\/3910\/revisions"}],"predecessor-version":[{"id":18156,"href":"https:\/\/cuneoairport.com\/fr\/wp-json\/wp\/v2\/pages\/3910\/revisions\/18156"}],"wp:attachment":[{"href":"https:\/\/cuneoairport.com\/fr\/wp-json\/wp\/v2\/media?parent=3910"}],"curies":[{"name":"wp","href":"https:\/\/api.w.org\/{rel}","templated":true}]}}