{"id":3906,"date":"2021-08-30T16:08:47","date_gmt":"2021-08-30T14:08:47","guid":{"rendered":"https:\/\/cuneoairport.com\/nuovosito\/securite\/"},"modified":"2023-10-25T14:06:19","modified_gmt":"2023-10-25T12:06:19","slug":"securite","status":"publish","type":"page","link":"https:\/\/cuneoairport.com\/fr\/securite\/","title":{"rendered":"S\u00e9curit\u00e9"},"content":{"rendered":"<p>          [et_pb_section fb_built=\u00a0\u00bb1&Prime; _builder_version=\u00a0\u00bb4.9.10&Prime; _module_preset=\u00a0\u00bbdefault\u00a0\u00bb custom_padding=\u00a0\u00bb3px||6px|||\u00a0\u00bb global_colors_info=\u00a0\u00bb{}\u00a0\u00bb][\/et_pb_section]<br \/>\n          [et_pb_section fb_built=\u00a0\u00bb1&Prime; custom_padding_last_edited=\u00a0\u00bbon|phone\u00a0\u00bb _builder_version=\u00a0\u00bb4.9.10&Prime; _module_preset=\u00a0\u00bbdefault\u00a0\u00bb custom_margin=\u00a0\u00bb-79px||||false|false\u00a0\u00bb custom_margin_tablet=\u00a0\u00bb-85px||||false|false\u00a0\u00bb custom_margin_phone=\u00a0\u00bb-34px||||false|false\u00a0\u00bb custom_margin_last_edited=\u00a0\u00bbon|phone\u00a0\u00bb custom_padding=\u00a0\u00bb1px||27px||false|false\u00a0\u00bb custom_padding_tablet=\u00a0\u00bb\u00a0\u00bb custom_padding_phone=\u00a0\u00bb0px||||false|false\u00a0\u00bb global_colors_info=\u00a0\u00bb{}\u00a0\u00bb]<br \/>\n            [et_pb_row use_custom_gutter=\u00a0\u00bbon\u00a0\u00bb gutter_width=\u00a0\u00bb2&Prime; _builder_version=\u00a0\u00bb4.9.10&Prime; _module_preset=\u00a0\u00bbdefault\u00a0\u00bb width=\u00a0\u00bb90%\u00a0\u00bb custom_margin=\u00a0\u00bb16px|auto||auto||\u00a0\u00bb custom_padding=\u00a0\u00bb18px||3px|||\u00a0\u00bb global_colors_info=\u00a0\u00bb{}\u00a0\u00bb]<br \/>\n              [et_pb_column type=\u00a0\u00bb4_4&Prime; _builder_version=\u00a0\u00bb4.9.10&Prime; _module_preset=\u00a0\u00bbdefault\u00a0\u00bb custom_padding=\u00a0\u00bb|30px|||false|false\u00a0\u00bb border_width_right=\u00a0\u00bb1px\u00a0\u00bb border_color_right=\u00a0\u00bb#000000&Prime; border_style_right=\u00a0\u00bbdashed\u00a0\u00bb global_colors_info=\u00a0\u00bb{}\u00a0\u00bb]<br \/>\n                [et_pb_text _builder_version=\u00a0\u00bb4.9.10&Prime; _module_preset=\u00a0\u00bbdefault\u00a0\u00bb header_2_font=\u00a0\u00bbArchivo|||on|||||\u00a0\u00bb header_2_font_size=\u00a0\u00bb13px\u00a0\u00bb header_2_letter_spacing=\u00a0\u00bb10px\u00a0\u00bb custom_margin=\u00a0\u00bb2px||5px|||\u00a0\u00bb custom_margin_tablet=\u00a0\u00bb\u00a0\u00bb custom_margin_phone=\u00a0\u00bb0px||5px||false|false\u00a0\u00bb custom_margin_last_edited=\u00a0\u00bbon|phone\u00a0\u00bb global_colors_info=\u00a0\u00bb{}\u00a0\u00bb]<\/p>\n<h2>La s\u00e9curit\u00e9<\/h2>\n<p>                [\/et_pb_text]<br \/>\n                [et_pb_text _builder_version=\u00a0\u00bb4.9.10&Prime; _module_preset=\u00a0\u00bbdefault\u00a0\u00bb header_font=\u00a0\u00bbAbel||||||||\u00a0\u00bb header_text_color=\u00a0\u00bb#3b444f\u00a0\u00bb header_2_font=\u00a0\u00bbPoppins|800|||||||\u00a0\u00bb header_2_text_align=\u00a0\u00bbleft\u00a0\u00bb header_2_text_color=\u00a0\u00bb#173eb2&Prime; header_2_font_size=\u00a0\u00bb37px\u00a0\u00bb custom_margin=\u00a0\u00bb||10px||false|false\u00a0\u00bb global_colors_info=\u00a0\u00bb{}\u00a0\u00bb]<\/p>\n<h2>La politique de s\u00e9curit\u00e9<\/h2>\n<p>                [\/et_pb_text]<br \/>\n                [et_pb_text _builder_version=\u00a0\u00bb4.9.10&Prime; _module_preset=\u00a0\u00bbdefault\u00a0\u00bb text_font=\u00a0\u00bbBarlow|300|||||||\u00a0\u00bb text_text_color=\u00a0\u00bb#000000&Prime; text_font_size=\u00a0\u00bb16px\u00a0\u00bb custom_margin=\u00a0\u00bb||-3px|||\u00a0\u00bb custom_padding=\u00a0\u00bb||1px|||\u00a0\u00bb global_colors_info=\u00a0\u00bb{}\u00a0\u00bb]<\/p>\n<p>Geac SpA consid\u00e8re la s\u00e9curit\u00e9 des op\u00e9rations a\u00e9roportuaires (s\u00e9curit\u00e9) comme un \u00e9l\u00e9ment strat\u00e9gique de son activit\u00e9 de gestion. Le Syst\u00e8me de Gestion de la S\u00e9curit\u00e9 (SMS) garantit la meilleure efficacit\u00e9 \u00e0 tous les efforts qui seront produits par l&rsquo;ensemble de l&rsquo;organisation de l&rsquo;entreprise pour assurer la s\u00e9curit\u00e9 des passagers et des usagers de l&rsquo;A\u00e9roport.<\/p>\n<p>L&rsquo;attention \u00e0 la s\u00e9curit\u00e9 est poursuivie \u00e0 travers l&rsquo;engagement constant de GEAC SpA qui soutient et promeut les initiatives et les comportements visant \u00e0 atteindre les plus hauts niveaux de s\u00e9curit\u00e9 en adoptant une approche proactive dans sa gestion.<\/p>\n<p>Geac SpA encourage et favorise une communication ouverte et franche, en tant que contribution fondamentale \u00e0 la pr\u00e9vention, en signalant les \u00e9v\u00e9nements qui ont eu ou auraient pu avoir une influence sur la s\u00e9curit\u00e9. Geac SpA garantit que les informations collect\u00e9es n&rsquo;auront pas pour but de rechercher la responsabilit\u00e9 personnelle, mais exclusivement celle d&rsquo;identifier les criticit\u00e9s du syst\u00e8me d&rsquo;exploitation de l&rsquo;a\u00e9roport, afin de proc\u00e9der \u00e0 une \u00e9valuation correcte et \u00e0 l&rsquo;att\u00e9nuation des risques qui y sont associ\u00e9s.<\/p>\n<p>Tout le personnel de Geac SpA est directement responsable, dans l&rsquo;exercice de ses activit\u00e9s, de la mise en \u0153uvre de la politique de s\u00e9curit\u00e9, tant vis-\u00e0-vis de la Soci\u00e9t\u00e9 que des tiers, et doit se sentir pleinement impliqu\u00e9 et partag\u00e9 dans le processus de pr\u00e9vention et d&rsquo;information. Les organes directeurs, en particulier, sont les premiers responsables de cette politique.<\/p>\n<p><strong>Rapport de s\u00e9curit\u00e9 au sol &#8211; GSR<\/strong> est l&rsquo;un des outils les plus importants du syst\u00e8me de gestion de la s\u00e9curit\u00e9. Le signalement volontaire est essentiel pour r\u00e9duire les risques et pr\u00e9venir les incidents et accidents.<\/p>\n<p>Pour signaler des \u00e9v\u00e9nements dangereux ou des probl\u00e8mes critiques potentiels,<span><a href=\"\/\/cuneoairport.com\/wp-content\/uploads\/2021\/09\/GSR-Ground-Safety-Report.pdf\" target=\"_blank\" rel=\"noopener\"><strong> t\u00e9l\u00e9charger le mod\u00e8le GSR en pdf<\/strong><span><\/span> et nous le faire parvenir, d\u00fbment compil\u00e9 :<\/a><\/span><\/p>\n<p>                [\/et_pb_text]<br \/>\n                [ba_cf7_styler form_header_img_bg=\u00a0\u00bb#FFFFFF\u00a0\u00bb button_alignment=\u00a0\u00bbcenter\u00a0\u00bb form_id=\u00a0\u00bb7406&Prime; cr_custom_styles=\u00a0\u00bbon\u00a0\u00bb _builder_version=\u00a0\u00bb4.9.10&Prime; _module_preset=\u00a0\u00bbdefault\u00a0\u00bb form_field_font_font=\u00a0\u00bbPoppins||||||||\u00a0\u00bb form_field_font_text_color=\u00a0\u00bb#000000&Prime; background_color=\u00a0\u00bb#fcfcfc\u00a0\u00bb custom_margin=\u00a0\u00bb17px||17px||true|false\u00a0\u00bb custom_padding=\u00a0\u00bb0px||0px||true|false\u00a0\u00bb custom_css_main_element=\u00a0\u00bbwidth:100%;\u00a0\u00bb global_colors_info=\u00a0\u00bb{}\u00a0\u00bb][\/ba_cf7_styler]<br \/>\n                [et_pb_text _builder_version=\u00a0\u00bb4.14.3&Prime; _module_preset=\u00a0\u00bbdefault\u00a0\u00bb text_font=\u00a0\u00bbBarlow|300|||||||\u00a0\u00bb text_text_color=\u00a0\u00bb#000000&Prime; text_font_size=\u00a0\u00bb16px\u00a0\u00bb min_height=\u00a0\u00bb36.6px\u00a0\u00bb custom_margin=\u00a0\u00bb35px||-3px|||\u00a0\u00bb custom_padding=\u00a0\u00bb||0px|||\u00a0\u00bb global_colors_info=\u00a0\u00bb{}\u00a0\u00bb]<\/p>\n<p style=\"text-align: center;\">\n                    <span style=\"color: #000000; font-size: small;\"><br \/>\n                      <em>Tous les champs avec <strong>*<\/strong> sont <strong>obligatoires<\/strong> . V\u00e9rifiez que vous avez rempli tous les champs obligatoires, sinon votre message ne sera pas envoy\u00e9.<\/em><br \/>\n                    <\/span>\n                  <\/p>\n<\/p>\n<p>                [\/et_pb_text]<br \/>\n              [\/et_pb_column]<br \/>\n            [\/et_pb_row]<br \/>\n          [\/et_pb_section]<\/p>\n","protected":false},"excerpt":{"rendered":"<p>La s\u00e9curit\u00e9 La politique de s\u00e9curit\u00e9 Geac SpA consid\u00e8re la s\u00e9curit\u00e9 des op\u00e9rations a\u00e9roportuaires (s\u00e9curit\u00e9) comme un \u00e9l\u00e9ment strat\u00e9gique de son activit\u00e9 de gestion. Le Syst\u00e8me de Gestion de la S\u00e9curit\u00e9 (SMS) garantit la meilleure efficacit\u00e9 \u00e0 tous les efforts qui seront produits par l&rsquo;ensemble de l&rsquo;organisation de l&rsquo;entreprise pour assurer la s\u00e9curit\u00e9 des passagers [&hellip;]<\/p>\n","protected":false},"author":3,"featured_media":0,"parent":0,"menu_order":0,"comment_status":"closed","ping_status":"closed","template":"","meta":{"_acf_changed":false,"_et_pb_use_builder":"on","_et_pb_old_content":"","_et_gb_content_width":"","footnotes":""},"class_list":["post-3906","page","type-page","status-publish","hentry"],"acf":[],"_links":{"self":[{"href":"https:\/\/cuneoairport.com\/fr\/wp-json\/wp\/v2\/pages\/3906","targetHints":{"allow":["GET"]}}],"collection":[{"href":"https:\/\/cuneoairport.com\/fr\/wp-json\/wp\/v2\/pages"}],"about":[{"href":"https:\/\/cuneoairport.com\/fr\/wp-json\/wp\/v2\/types\/page"}],"author":[{"embeddable":true,"href":"https:\/\/cuneoairport.com\/fr\/wp-json\/wp\/v2\/users\/3"}],"replies":[{"embeddable":true,"href":"https:\/\/cuneoairport.com\/fr\/wp-json\/wp\/v2\/comments?post=3906"}],"version-history":[{"count":1,"href":"https:\/\/cuneoairport.com\/fr\/wp-json\/wp\/v2\/pages\/3906\/revisions"}],"predecessor-version":[{"id":15452,"href":"https:\/\/cuneoairport.com\/fr\/wp-json\/wp\/v2\/pages\/3906\/revisions\/15452"}],"wp:attachment":[{"href":"https:\/\/cuneoairport.com\/fr\/wp-json\/wp\/v2\/media?parent=3906"}],"curies":[{"name":"wp","href":"https:\/\/api.w.org\/{rel}","templated":true}]}}