{"id":3888,"date":"2021-08-30T16:08:39","date_gmt":"2021-08-30T14:08:39","guid":{"rendered":"https:\/\/cuneoairport.com\/nuovosito\/sous-concessions\/"},"modified":"2024-08-26T12:20:16","modified_gmt":"2024-08-26T10:20:16","slug":"sous-concessions","status":"publish","type":"page","link":"https:\/\/cuneoairport.com\/fr\/sous-concessions\/","title":{"rendered":"Sous-concessions"},"content":{"rendered":"<p>          [et_pb_section fb_built=\u00a0\u00bb1&Prime; _builder_version=\u00a0\u00bb4.9.10&Prime; _module_preset=\u00a0\u00bbdefault\u00a0\u00bb custom_padding=\u00a0\u00bb3px||6px|||\u00a0\u00bb global_colors_info=\u00a0\u00bb{}\u00a0\u00bb][\/et_pb_section]<br \/>\n          [et_pb_section fb_built=\u00a0\u00bb1&Prime; _builder_version=\u00a0\u00bb4.9.10&Prime; _module_preset=\u00a0\u00bbdefault\u00a0\u00bb custom_margin=\u00a0\u00bb-79px||||false|false\u00a0\u00bb global_colors_info=\u00a0\u00bb{}\u00a0\u00bb]<br \/>\n            [et_pb_row use_custom_gutter=\u00a0\u00bbon\u00a0\u00bb gutter_width=\u00a0\u00bb2&Prime; _builder_version=\u00a0\u00bb4.9.10&Prime; _module_preset=\u00a0\u00bbdefault\u00a0\u00bb width=\u00a0\u00bb90%\u00a0\u00bb custom_margin=\u00a0\u00bb16px|auto||auto||\u00a0\u00bb custom_padding=\u00a0\u00bb18px||3px|||\u00a0\u00bb global_colors_info=\u00a0\u00bb{}\u00a0\u00bb]<br \/>\n              [et_pb_column type=\u00a0\u00bb4_4&Prime; _builder_version=\u00a0\u00bb4.9.10&Prime; _module_preset=\u00a0\u00bbdefault\u00a0\u00bb custom_padding=\u00a0\u00bb|30px|||false|false\u00a0\u00bb border_width_right=\u00a0\u00bb1px\u00a0\u00bb border_color_right=\u00a0\u00bb#000000&Prime; border_style_right=\u00a0\u00bbdashed\u00a0\u00bb global_colors_info=\u00a0\u00bb{}\u00a0\u00bb]<br \/>\n                [et_pb_text _builder_version=\u00a0\u00bb4.9.10&Prime; _module_preset=\u00a0\u00bbdefault\u00a0\u00bb header_2_font=\u00a0\u00bbArchivo|||on|||||\u00a0\u00bb header_2_font_size=\u00a0\u00bb13px\u00a0\u00bb header_2_letter_spacing=\u00a0\u00bb10px\u00a0\u00bb custom_margin=\u00a0\u00bb2px||5px|||\u00a0\u00bb custom_margin_tablet=\u00a0\u00bb\u00a0\u00bb custom_margin_phone=\u00a0\u00bb0px||5px||false|false\u00a0\u00bb custom_margin_last_edited=\u00a0\u00bbon|phone\u00a0\u00bb global_colors_info=\u00a0\u00bb{}\u00a0\u00bb]<\/p>\n<h2>Consultez le<\/h2>\n<p>                [\/et_pb_text]<br \/>\n                [et_pb_text _builder_version=\u00a0\u00bb4.9.10&Prime; _module_preset=\u00a0\u00bbdefault\u00a0\u00bb header_font=\u00a0\u00bbAbel||||||||\u00a0\u00bb header_text_color=\u00a0\u00bb#3b444f\u00a0\u00bb header_2_font=\u00a0\u00bbPoppins|800|||||||\u00a0\u00bb header_2_text_align=\u00a0\u00bbleft\u00a0\u00bb header_2_text_color=\u00a0\u00bb#173eb2&Prime; header_2_font_size=\u00a0\u00bb37px\u00a0\u00bb custom_margin=\u00a0\u00bb||10px||false|false\u00a0\u00bb hover_enabled=\u00a0\u00bb0&Prime; global_colors_info=\u00a0\u00bb{}\u00a0\u00bb sticky_enabled=\u00a0\u00bb0&Prime;]<\/p>\n<h2>Sous-concessions a\u00e9ronautiques<\/h2>\n<p>                [\/et_pb_text]<br \/>\n                [et_pb_text _builder_version=\u00a0\u00bb4.9.10&Prime; _module_preset=\u00a0\u00bbdefault\u00a0\u00bb text_font=\u00a0\u00bbBarlow|300|||||||\u00a0\u00bb text_text_color=\u00a0\u00bb#000000&Prime; text_font_size=\u00a0\u00bb16px\u00a0\u00bb custom_margin=\u00a0\u00bb||-3px|||\u00a0\u00bb custom_padding=\u00a0\u00bb||25px|||\u00a0\u00bb hover_enabled=\u00a0\u00bb0&Prime; global_colors_info=\u00a0\u00bb{}\u00a0\u00bb sticky_enabled=\u00a0\u00bb0&Prime;]<\/p>\n<p>\n                    <span>La liste des sous-concessions a\u00e9ronautiques de notre a\u00e9roport est consultable sur le site institutionnel de l&rsquo;ENAC dans la rubrique suivante :<\/span>\n                  <\/p>\n<p>                [\/et_pb_text]<br \/>\n                [et_pb_button button_url=\u00a0\u00bbhttps:\/\/cuneoairport.com\/wp-content\/uploads\/2024\/08\/elenco-subconcessioni-aviation_08_2024.pdf\u00a0\u00bb url_new_window=\u00a0\u00bbon\u00a0\u00bb button_text=\u00a0\u00bbElenco subconcessioni aviation\u00a0\u00bb _builder_version=\u00a0\u00bb4.14.3&Prime; _module_preset=\u00a0\u00bbdefault\u00a0\u00bb hover_enabled=\u00a0\u00bb0&Prime; global_colors_info=\u00a0\u00bb{}\u00a0\u00bb sticky_enabled=\u00a0\u00bb0&Prime;][\/et_pb_button]<br \/>\n              [\/et_pb_column]<br \/>\n            [\/et_pb_row]<br \/>\n          [\/et_pb_section]<\/p>\n","protected":false},"excerpt":{"rendered":"<p>Consultez le Sous-concessions a\u00e9ronautiques La liste des sous-concessions a\u00e9ronautiques de notre a\u00e9roport est consultable sur le site institutionnel de l&rsquo;ENAC dans la rubrique suivante :<\/p>\n","protected":false},"author":3,"featured_media":0,"parent":0,"menu_order":0,"comment_status":"closed","ping_status":"closed","template":"","meta":{"_acf_changed":false,"_et_pb_use_builder":"on","_et_pb_old_content":"","_et_gb_content_width":"","footnotes":""},"class_list":["post-3888","page","type-page","status-publish","hentry"],"acf":[],"_links":{"self":[{"href":"https:\/\/cuneoairport.com\/fr\/wp-json\/wp\/v2\/pages\/3888","targetHints":{"allow":["GET"]}}],"collection":[{"href":"https:\/\/cuneoairport.com\/fr\/wp-json\/wp\/v2\/pages"}],"about":[{"href":"https:\/\/cuneoairport.com\/fr\/wp-json\/wp\/v2\/types\/page"}],"author":[{"embeddable":true,"href":"https:\/\/cuneoairport.com\/fr\/wp-json\/wp\/v2\/users\/3"}],"replies":[{"embeddable":true,"href":"https:\/\/cuneoairport.com\/fr\/wp-json\/wp\/v2\/comments?post=3888"}],"version-history":[{"count":3,"href":"https:\/\/cuneoairport.com\/fr\/wp-json\/wp\/v2\/pages\/3888\/revisions"}],"predecessor-version":[{"id":16774,"href":"https:\/\/cuneoairport.com\/fr\/wp-json\/wp\/v2\/pages\/3888\/revisions\/16774"}],"wp:attachment":[{"href":"https:\/\/cuneoairport.com\/fr\/wp-json\/wp\/v2\/media?parent=3888"}],"curies":[{"name":"wp","href":"https:\/\/api.w.org\/{rel}","templated":true}]}}