{"id":3850,"date":"2021-08-30T16:08:06","date_gmt":"2021-08-30T14:08:06","guid":{"rendered":"https:\/\/cuneoairport.com\/nuovosito\/enregistrement\/"},"modified":"2021-09-20T15:34:32","modified_gmt":"2021-09-20T13:34:32","slug":"enregistrement","status":"publish","type":"page","link":"https:\/\/cuneoairport.com\/fr\/enregistrement\/","title":{"rendered":"Check-in"},"content":{"rendered":"<p>[et_pb_section fb_built=\u00a0\u00bb1&Prime; _builder_version=\u00a0\u00bb4.9.10&Prime; _module_preset=\u00a0\u00bbdefault\u00a0\u00bb custom_padding=\u00a0\u00bb3px||6px|||\u00a0\u00bb][et_pb_row _builder_version=\u00a0\u00bb4.9.10&Prime; _module_preset=\u00a0\u00bbdefault\u00a0\u00bb width=\u00a0\u00bb90%\u00a0\u00bb][et_pb_column type=\u00a0\u00bb4_4&Prime; _builder_version=\u00a0\u00bb4.9.10&Prime; _module_preset=\u00a0\u00bbdefault\u00a0\u00bb][et_pb_image src=\u00a0\u00bbhttps:\/\/cuneoairport.com\/wp-content\/uploads\/2021\/09\/iStock-919763570-980&#215;364-14.jpg\u00a0\u00bb title_text=\u00a0\u00bbiStock-919763570-980&#215;364 (14)\u00a0\u00bb align=\u00a0\u00bbcenter\u00a0\u00bb force_fullwidth=\u00a0\u00bbon\u00a0\u00bb _builder_version=\u00a0\u00bb4.9.10&Prime; _module_preset=\u00a0\u00bbdefault\u00a0\u00bb border_radii=\u00a0\u00bbon|6px|6px|6px|6px\u00a0\u00bb][\/et_pb_image][\/et_pb_column][\/et_pb_row][\/et_pb_section][et_pb_section fb_built=\u00a0\u00bb1&Prime; custom_padding_last_edited=\u00a0\u00bbon|phone\u00a0\u00bb _builder_version=\u00a0\u00bb4.9.10&Prime; _module_preset=\u00a0\u00bbdefault\u00a0\u00bb custom_margin=\u00a0\u00bb-79px||||false|false\u00a0\u00bb custom_margin_tablet=\u00a0\u00bb-85px||||false|false\u00a0\u00bb custom_margin_phone=\u00a0\u00bb-34px||||false|false\u00a0\u00bb custom_margin_last_edited=\u00a0\u00bbon|phone\u00a0\u00bb custom_padding=\u00a0\u00bb||27px||false|false\u00a0\u00bb custom_padding_tablet=\u00a0\u00bb\u00a0\u00bb custom_padding_phone=\u00a0\u00bb0px||||false|false\u00a0\u00bb][et_pb_row use_custom_gutter=\u00a0\u00bbon\u00a0\u00bb gutter_width=\u00a0\u00bb2&Prime; _builder_version=\u00a0\u00bb4.9.10&Prime; _module_preset=\u00a0\u00bbdefault\u00a0\u00bb width=\u00a0\u00bb90%\u00a0\u00bb custom_margin=\u00a0\u00bb16px|auto||auto||\u00a0\u00bb custom_padding=\u00a0\u00bb18px||3px|||\u00a0\u00bb][et_pb_column type=\u00a0\u00bb4_4&Prime; _builder_version=\u00a0\u00bb4.9.10&Prime; _module_preset=\u00a0\u00bbdefault\u00a0\u00bb custom_padding=\u00a0\u00bb|30px|||false|false\u00a0\u00bb border_width_right=\u00a0\u00bb1px\u00a0\u00bb border_color_right=\u00a0\u00bb#000000&Prime; border_style_right=\u00a0\u00bbdashed\u00a0\u00bb][et_pb_text _builder_version=\u00a0\u00bb4.9.10&Prime; _module_preset=\u00a0\u00bbdefault\u00a0\u00bb header_2_font=\u00a0\u00bbArchivo|||on|||||\u00a0\u00bb header_2_font_size=\u00a0\u00bb13px\u00a0\u00bb header_2_letter_spacing=\u00a0\u00bb10px\u00a0\u00bb custom_margin=\u00a0\u00bb2px||5px|||\u00a0\u00bb custom_margin_tablet=\u00a0\u00bb\u00a0\u00bb custom_margin_phone=\u00a0\u00bb0px||5px||false|false\u00a0\u00bb custom_margin_last_edited=\u00a0\u00bbon|phone\u00a0\u00bb]<\/p>\n<h2>comment le<\/h2>\n<p>[\/et_pb_text][et_pb_text _builder_version=\u00a0\u00bb4.9.10&Prime; _module_preset=\u00a0\u00bbdefault\u00a0\u00bb header_font=\u00a0\u00bbAbel||||||||\u00a0\u00bb header_text_color=\u00a0\u00bb#3b444f\u00a0\u00bb header_2_font=\u00a0\u00bbPoppins|800|||||||\u00a0\u00bb header_2_text_align=\u00a0\u00bbleft\u00a0\u00bb header_2_text_color=\u00a0\u00bb#173eb2&Prime; header_2_font_size=\u00a0\u00bb37px\u00a0\u00bb custom_margin=\u00a0\u00bb||10px||false|false\u00a0\u00bb]<\/p>\n<h2>Check-in<\/h2>\n<p>[\/et_pb_text][et_pb_text _builder_version=\u00a0\u00bb4.9.10&Prime; _module_preset=\u00a0\u00bbdefault\u00a0\u00bb text_font=\u00a0\u00bbRubik|300|||||||\u00a0\u00bb text_text_color=\u00a0\u00bb#000000&Prime; text_font_size=\u00a0\u00bb16px\u00a0\u00bb custom_margin=\u00a0\u00bb||-3px|||\u00a0\u00bb custom_padding=\u00a0\u00bb2px|||||\u00a0\u00bb]<\/p>\n<p><b>L&rsquo;enregistrement ouvre g\u00e9n\u00e9ralement <span style=\"text-decoration: underline\">environ<\/span> 2 heures avant le d\u00e9part du vol et ferme <span style=\"text-decoration: underline\">environ<\/span> 1 heure avant l&rsquo;heure de d\u00e9part (<span style=\"text-decoration: underline\">v\u00e9rifiez les heures sp\u00e9cifiques dict\u00e9es par la compagnie a\u00e9rienne<\/span>).<\/b><\/p>\n<p><span style=\"font-weight: 400\">Assurez-vous d&rsquo;arriver \u00e0 l&rsquo;heure \u00e0 l&rsquo;a\u00e9roport et attendez-vous \u00e0 des files d&rsquo;attente \u00e0 l&rsquo;enregistrement.<\/span><\/p>\n<p><span style=\"font-weight: 400\">L&rsquo;a\u00e9roport n&rsquo;est pas responsable et ne garantit pas l&rsquo;assistance en cas de retard ou de surr\u00e9servation de la compagnie a\u00e9rienne, dans ces cas, contactez le <em>service client<\/em> du transporteur.<\/span><\/p>\n<p><span style=\"font-weight: 400\"> <b>Portez une attention particuli\u00e8re \u00e0 la taille et au poids des bagages autoris\u00e9s par la compagnie a\u00e9rienne avec laquelle vous voyagez et le billet achet\u00e9 pour \u00e9viter des frais suppl\u00e9mentaires d&rsquo;exc\u00e9dent de bagages.<\/b><\/span><\/p>\n<p><span style=\"font-weight: 400\"><b><\/b><\/span><\/p>\n<p><span style=\"font-weight: 400\"><b><\/b><\/span><\/p>\n<h2><\/h2>\n<p>[\/et_pb_text][et_pb_button button_url=\u00a0\u00bbhttps:\/\/cuneoairport.com\/fr\/numeros-utiles\/\u00a0\u00bb button_text=\u00a0\u00bbNum\u00e9ros utiles\u00a0\u00bb _builder_version=\u00a0\u00bb4.9.10&Prime; _module_preset=\u00a0\u00bbdefault\u00a0\u00bb][\/et_pb_button][et_pb_button button_url=\u00a0\u00bbhttps:\/\/cuneoairport.com\/fr\/surreservation-annulations-retards-et-autres-reclamations\/\u00a0\u00bb button_text=\u00a0\u00bbOverbooking\u00a0\u00bb _builder_version=\u00a0\u00bb4.9.10&Prime; _module_preset=\u00a0\u00bbdefault\u00a0\u00bb][\/et_pb_button][\/et_pb_column][\/et_pb_row][\/et_pb_section]<\/p>\n","protected":false},"excerpt":{"rendered":"<p>comment leCheck-inL&rsquo;enregistrement ouvre g\u00e9n\u00e9ralement environ 2 heures avant le d\u00e9part du vol et ferme environ 1 heure avant l&rsquo;heure de d\u00e9part (v\u00e9rifiez les heures sp\u00e9cifiques dict\u00e9es par la compagnie a\u00e9rienne). Assurez-vous d&rsquo;arriver \u00e0 l&rsquo;heure \u00e0 l&rsquo;a\u00e9roport et attendez-vous \u00e0 des files d&rsquo;attente \u00e0 l&rsquo;enregistrement. L&rsquo;a\u00e9roport n&rsquo;est pas responsable et ne garantit pas l&rsquo;assistance en cas [&hellip;]<\/p>\n","protected":false},"author":3,"featured_media":0,"parent":0,"menu_order":0,"comment_status":"closed","ping_status":"closed","template":"","meta":{"_acf_changed":false,"_et_pb_use_builder":"on","_et_pb_old_content":"","_et_gb_content_width":"","footnotes":""},"class_list":["post-3850","page","type-page","status-publish","hentry"],"acf":[],"_links":{"self":[{"href":"https:\/\/cuneoairport.com\/fr\/wp-json\/wp\/v2\/pages\/3850","targetHints":{"allow":["GET"]}}],"collection":[{"href":"https:\/\/cuneoairport.com\/fr\/wp-json\/wp\/v2\/pages"}],"about":[{"href":"https:\/\/cuneoairport.com\/fr\/wp-json\/wp\/v2\/types\/page"}],"author":[{"embeddable":true,"href":"https:\/\/cuneoairport.com\/fr\/wp-json\/wp\/v2\/users\/3"}],"replies":[{"embeddable":true,"href":"https:\/\/cuneoairport.com\/fr\/wp-json\/wp\/v2\/comments?post=3850"}],"version-history":[{"count":0,"href":"https:\/\/cuneoairport.com\/fr\/wp-json\/wp\/v2\/pages\/3850\/revisions"}],"wp:attachment":[{"href":"https:\/\/cuneoairport.com\/fr\/wp-json\/wp\/v2\/media?parent=3850"}],"curies":[{"name":"wp","href":"https:\/\/api.w.org\/{rel}","templated":true}]}}