{"id":18471,"date":"2025-10-16T17:10:58","date_gmt":"2025-10-16T15:10:58","guid":{"rendered":"https:\/\/cuneoairport.com\/entry-exit-system-ees\/"},"modified":"2025-10-16T17:10:58","modified_gmt":"2025-10-16T15:10:58","slug":"entry-exit-system-ees","status":"publish","type":"page","link":"https:\/\/cuneoairport.com\/fr\/entry-exit-system-ees\/","title":{"rendered":"Entry Exit System (EES)"},"content":{"rendered":"<p>          [et_pb_section fb_built=\u00a0\u00bb1&Prime; _builder_version=\u00a0\u00bb4.16&Prime; _module_preset=\u00a0\u00bbdefault\u00a0\u00bb custom_padding=\u00a0\u00bb3px||6px|||\u00a0\u00bb global_colors_info=\u00a0\u00bb{}\u00a0\u00bb]<br \/>\n            [et_pb_row _builder_version=\u00a0\u00bb4.16&Prime; _module_preset=\u00a0\u00bbdefault\u00a0\u00bb width=\u00a0\u00bb90%\u00a0\u00bb global_colors_info=\u00a0\u00bb{}\u00a0\u00bb]<br \/>\n              [et_pb_column type=\u00a0\u00bb4_4&Prime; _builder_version=\u00a0\u00bb4.16&Prime; _module_preset=\u00a0\u00bbdefault\u00a0\u00bb global_colors_info=\u00a0\u00bb{}\u00a0\u00bb]<br \/>\n                [et_pb_image src=\u00a0\u00bbhttps:\/\/cuneoairport.com\/wp-content\/uploads\/2025\/10\/EES_entry-_exit-System.png\u00a0\u00bb title_text=\u00a0\u00bbEES_entry _exit System\u00a0\u00bb align=\u00a0\u00bbcenter\u00a0\u00bb force_fullwidth=\u00a0\u00bbon\u00a0\u00bb _builder_version=\u00a0\u00bb4.27.2&Prime; _module_preset=\u00a0\u00bbdefault\u00a0\u00bb border_radii=\u00a0\u00bbon|6px|6px|6px|6px\u00a0\u00bb global_colors_info=\u00a0\u00bb{}\u00a0\u00bb][\/et_pb_image]<br \/>\n              [\/et_pb_column]<br \/>\n            [\/et_pb_row]<br \/>\n          [\/et_pb_section]<br \/>\n          [et_pb_section fb_built=\u00a0\u00bb1&Prime; _builder_version=\u00a0\u00bb4.16&Prime; _module_preset=\u00a0\u00bbdefault\u00a0\u00bb custom_margin=\u00a0\u00bb-79px||||false|false\u00a0\u00bb custom_padding=\u00a0\u00bb||27px||false|false\u00a0\u00bb global_colors_info=\u00a0\u00bb{}\u00a0\u00bb]<br \/>\n            [et_pb_row use_custom_gutter=\u00a0\u00bbon\u00a0\u00bb gutter_width=\u00a0\u00bb2&Prime; _builder_version=\u00a0\u00bb4.16&Prime; _module_preset=\u00a0\u00bbdefault\u00a0\u00bb width=\u00a0\u00bb90%\u00a0\u00bb custom_margin=\u00a0\u00bb16px|auto||auto||\u00a0\u00bb custom_padding=\u00a0\u00bb18px||3px|||\u00a0\u00bb global_colors_info=\u00a0\u00bb{}\u00a0\u00bb]<br \/>\n              [et_pb_column type=\u00a0\u00bb4_4&Prime; _builder_version=\u00a0\u00bb4.16&Prime; _module_preset=\u00a0\u00bbdefault\u00a0\u00bb custom_padding=\u00a0\u00bb|30px|||false|false\u00a0\u00bb border_width_right=\u00a0\u00bb1px\u00a0\u00bb border_color_right=\u00a0\u00bb#000000&Prime; border_style_right=\u00a0\u00bbdashed\u00a0\u00bb global_colors_info=\u00a0\u00bb{}\u00a0\u00bb]<br \/>\n                [et_pb_text _builder_version=\u00a0\u00bb4.27.2&Prime; _module_preset=\u00a0\u00bbdefault\u00a0\u00bb text_font=\u00a0\u00bbBarlow|300|||||||\u00a0\u00bb text_text_color=\u00a0\u00bb#000000&Prime; text_font_size=\u00a0\u00bb16px\u00a0\u00bb custom_margin=\u00a0\u00bb||-3px|||\u00a0\u00bb inline_fonts=\u00a0\u00bbRubik\u00a0\u00bb global_colors_info=\u00a0\u00bb{}\u00a0\u00bb]<\/p>\n<h1>Entry-Exit System (EES)<\/h1>\n<\/p>\n<p>Le nouveau syst\u00e8me d&rsquo;entr\u00e9e-sortie (EES) est actif depuis le 12 octobre 2025 dans tous les pays de l&rsquo;UE. Ce syst\u00e8me ne concerne que les ressortissants de pays non membres de l&rsquo;UE ou de l&rsquo;EEE qui se rendent dans l&rsquo;espace Schengen ou en sortent pour des s\u00e9jours de courte dur\u00e9e (jusqu&rsquo;\u00e0 90 jours sur 180). <\/p>\n<p>Depuis le 20 octobre 2025, le syst\u00e8me EES est \u00e9galement op\u00e9rationnel \u00e0 l&rsquo;a\u00e9roport de Cuneo, conform\u00e9ment au plan national de mise en \u0153uvre.<\/p>\n<\/p>\n<h4>\n                    <strong>Qu&rsquo;est-ce que c&rsquo;est et comment \u00e7a marche ?<\/strong><br \/>\n                  <\/h4>\n<p>L&rsquo;EES remplace les tampons manuels du passeport par un enregistrement \u00e9lectronique des donn\u00e9es d&rsquo;entr\u00e9e et de sortie.<\/p>\n<p>Lors du contr\u00f4le aux fronti\u00e8res, ils seront collect\u00e9s :<\/p>\n<ul>\n<li>les donn\u00e9es relatives aux documents de voyage,<\/li>\n<li>les dates d&rsquo;entr\u00e9e et de sortie,<\/li>\n<li>les donn\u00e9es biom\u00e9triques (image faciale et empreintes digitales).<\/li>\n<\/ul>\n<p>Le syst\u00e8me vise \u00e0 rendre les contr\u00f4les plus rapides, plus s\u00fbrs et plus transparents, \u00e0 pr\u00e9venir la fraude \u00e0 l&rsquo;identit\u00e9 et \u00e0 faciliter la gestion des flux aux fronti\u00e8res ext\u00e9rieures de l&rsquo;UE.<\/p>\n<\/p>\n<h4>\n                    <strong>Ce qui change pour les voyageurs<\/strong><br \/>\n                  <\/h4>\n<ul>\n<li>Les contr\u00f4les seront effectu\u00e9s par des dispositifs \u00e9lectroniques.<\/li>\n<li>Un passeport valide doit \u00eatre pr\u00e9sent\u00e9.<\/li>\n<li>Il est recommand\u00e9 de pr\u00e9voir quelques minutes suppl\u00e9mentaires pour le contr\u00f4le, en particulier au cours des premiers mois d&rsquo;activation.<\/li>\n<\/ul>\n<p>Pour plus d&rsquo;informations sur le nouveau syst\u00e8me EES <a href=\"https:\/\/travel-europe.europa.eu\/ees\">: https:\/\/travel-europe.europa.eu\/ees<\/a><\/p>\n<\/p>\n<p>                [\/et_pb_text]<br \/>\n              [\/et_pb_column]<br \/>\n            [\/et_pb_row]<br \/>\n          [\/et_pb_section]<\/p>\n","protected":false},"excerpt":{"rendered":"<p>Entry-Exit System (EES) Le nouveau syst\u00e8me d&rsquo;entr\u00e9e-sortie (EES) est actif depuis le 12 octobre 2025 dans tous les pays de l&rsquo;UE. Ce syst\u00e8me ne concerne que les ressortissants de pays non membres de l&rsquo;UE ou de l&rsquo;EEE qui se rendent dans l&rsquo;espace Schengen ou en sortent pour des s\u00e9jours de courte dur\u00e9e (jusqu&rsquo;\u00e0 90 jours [&hellip;]<\/p>\n","protected":false},"author":3,"featured_media":18456,"parent":0,"menu_order":0,"comment_status":"closed","ping_status":"closed","template":"","meta":{"_acf_changed":false,"_et_pb_use_builder":"on","_et_pb_old_content":"","_et_gb_content_width":"","footnotes":""},"class_list":["post-18471","page","type-page","status-publish","has-post-thumbnail","hentry"],"acf":[],"_links":{"self":[{"href":"https:\/\/cuneoairport.com\/fr\/wp-json\/wp\/v2\/pages\/18471","targetHints":{"allow":["GET"]}}],"collection":[{"href":"https:\/\/cuneoairport.com\/fr\/wp-json\/wp\/v2\/pages"}],"about":[{"href":"https:\/\/cuneoairport.com\/fr\/wp-json\/wp\/v2\/types\/page"}],"author":[{"embeddable":true,"href":"https:\/\/cuneoairport.com\/fr\/wp-json\/wp\/v2\/users\/3"}],"replies":[{"embeddable":true,"href":"https:\/\/cuneoairport.com\/fr\/wp-json\/wp\/v2\/comments?post=18471"}],"version-history":[{"count":0,"href":"https:\/\/cuneoairport.com\/fr\/wp-json\/wp\/v2\/pages\/18471\/revisions"}],"wp:featuredmedia":[{"embeddable":true,"href":"https:\/\/cuneoairport.com\/fr\/wp-json\/wp\/v2\/media\/18456"}],"wp:attachment":[{"href":"https:\/\/cuneoairport.com\/fr\/wp-json\/wp\/v2\/media?parent=18471"}],"curies":[{"name":"wp","href":"https:\/\/api.w.org\/{rel}","templated":true}]}}