{"id":16602,"date":"2024-07-10T15:30:56","date_gmt":"2024-07-10T13:30:56","guid":{"rendered":"https:\/\/cuneoairport.com\/aviation-daffaires\/"},"modified":"2024-10-31T10:57:00","modified_gmt":"2024-10-31T08:57:00","slug":"aviation-daffaires","status":"publish","type":"page","link":"https:\/\/cuneoairport.com\/fr\/aviation-daffaires\/","title":{"rendered":"Aviation d&rsquo;affaires"},"content":{"rendered":"<p>          [et_pb_section fb_built=\u00a0\u00bb1&Prime; _builder_version=\u00a0\u00bb4.27.2&Prime; _module_preset=\u00a0\u00bbdefault\u00a0\u00bb background_image=\u00a0\u00bbhttps:\/\/cuneoairport.com\/wp-content\/uploads\/2024\/06\/avgen.png\u00a0\u00bb custom_padding=\u00a0\u00bb3px||6px|||\u00a0\u00bb global_colors_info=\u00a0\u00bb{}\u00a0\u00bb]<br \/>\n            [et_pb_row _builder_version=\u00a0\u00bb4.27.2&Prime; _module_preset=\u00a0\u00bbdefault\u00a0\u00bb custom_margin=\u00a0\u00bb||||false|false\u00a0\u00bb custom_padding=\u00a0\u00bb400px||||false|false\u00a0\u00bb global_colors_info=\u00a0\u00bb{}\u00a0\u00bb]<br \/>\n              [et_pb_column type=\u00a0\u00bb4_4&Prime; _builder_version=\u00a0\u00bb4.27.2&Prime; _module_preset=\u00a0\u00bbdefault\u00a0\u00bb global_colors_info=\u00a0\u00bb{}\u00a0\u00bb][\/et_pb_column]<br \/>\n            [\/et_pb_row]<br \/>\n          [\/et_pb_section]<br \/>\n          [et_pb_section fb_built=\u00a0\u00bb1&Prime; _builder_version=\u00a0\u00bb4.16&Prime; _module_preset=\u00a0\u00bbdefault\u00a0\u00bb custom_margin=\u00a0\u00bb-79px||||false|false\u00a0\u00bb custom_padding=\u00a0\u00bb||27px||false|false\u00a0\u00bb global_colors_info=\u00a0\u00bb{}\u00a0\u00bb]<br \/>\n            [et_pb_row _builder_version=\u00a0\u00bb4.16&Prime; _module_preset=\u00a0\u00bbdefault\u00a0\u00bb width=\u00a0\u00bb90%\u00a0\u00bb global_colors_info=\u00a0\u00bb{}\u00a0\u00bb]<br \/>\n              [et_pb_column type=\u00a0\u00bb4_4&Prime; _builder_version=\u00a0\u00bb4.16&Prime; _module_preset=\u00a0\u00bbdefault\u00a0\u00bb global_colors_info=\u00a0\u00bb{}\u00a0\u00bb]<br \/>\n                [et_pb_text _builder_version=\u00a0\u00bb4.16&Prime; _module_preset=\u00a0\u00bbdefault\u00a0\u00bb header_2_font=\u00a0\u00bbArchivo|||on|||||\u00a0\u00bb header_2_font_size=\u00a0\u00bb13px\u00a0\u00bb header_2_letter_spacing=\u00a0\u00bb10px\u00a0\u00bb custom_margin=\u00a0\u00bb3px||5px|||\u00a0\u00bb custom_margin_tablet=\u00a0\u00bb\u00a0\u00bb custom_margin_phone=\u00a0\u00bb28px||5px||false|false\u00a0\u00bb custom_margin_last_edited=\u00a0\u00bbon|phone\u00a0\u00bb global_colors_info=\u00a0\u00bb{}\u00a0\u00bb]<\/p>\n<h2>\n                    <span class=\"Y2IQFc\" lang=\"it\">Services de<\/span><br \/>\n                  <\/h2>\n<p>                [\/et_pb_text]<br \/>\n                [et_pb_text _builder_version=\u00a0\u00bb4.16&Prime; _module_preset=\u00a0\u00bbdefault\u00a0\u00bb header_font=\u00a0\u00bbAbel||||||||\u00a0\u00bb header_text_color=\u00a0\u00bb#3b444f\u00a0\u00bb header_2_font=\u00a0\u00bbPoppins|800|||||||\u00a0\u00bb header_2_text_align=\u00a0\u00bbleft\u00a0\u00bb header_2_text_color=\u00a0\u00bb#173eb2&Prime; header_2_font_size=\u00a0\u00bb37px\u00a0\u00bb custom_margin=\u00a0\u00bb||10px||false|false\u00a0\u00bb global_colors_info=\u00a0\u00bb{}\u00a0\u00bb]<\/p>\n<h2>Aviation d&rsquo;affaires \u00e0 partir de l&rsquo;a\u00e9roport de Cuneo<\/h2>\n<p>                [\/et_pb_text]<br \/>\n                [et_pb_text _builder_version=\u00a0\u00bb4.27.2&Prime; _module_preset=\u00a0\u00bbdefault\u00a0\u00bb text_font=\u00a0\u00bbBarlow|300|||||||\u00a0\u00bb text_text_color=\u00a0\u00bb#000000&Prime; text_font_size=\u00a0\u00bb16px\u00a0\u00bb custom_margin=\u00a0\u00bb||19px|||\u00a0\u00bb global_colors_info=\u00a0\u00bb{}\u00a0\u00bb]<\/p>\n<p>Ces derni\u00e8res ann\u00e9es, de plus en plus de personnes, d&rsquo;entreprises et d&rsquo;agences de voyage choisissent d&rsquo;utiliser des avions priv\u00e9s pour leurs d\u00e9placements, en raison des nombreux avantages qu&rsquo;offre l&rsquo;aviation d&rsquo;affaires par rapport aux vols commerciaux traditionnels.<\/p>\n<p>Ces options de voyage sont \u00e9galement disponibles \u00e0 partir de l&rsquo;a\u00e9roport de Cuneo : renseignez-vous !<\/p>\n<h3> <\/h3>\n<h3>Avantages de l&rsquo;aviation d&rsquo;affaires<\/h3>\n<p>L&rsquo;aviation d&rsquo;affaires offre de nombreux avantages par rapport aux vols commerciaux :<\/p>\n<ul>\n<li>\n                      <strong>Flexibilit\u00e9 des heures de d\u00e9part<\/strong>\n                    <\/li>\n<li>\n                      <strong>Possibilit\u00e9 d&rsquo;atterrir dans des a\u00e9roports plus proches de la destination finale<\/strong>\n                    <\/li>\n<li><strong>Gagner du temps<\/strong> en \u00e9liminant les attentes et les files d&rsquo;attente aux points de contr\u00f4le de s\u00e9curit\u00e9<\/li>\n<li><strong>Rapport co\u00fbt-efficacit\u00e9<\/strong> pour les voyages de groupe<\/li>\n<li><strong>Plus d&rsquo;intimit\u00e9 et de confort<\/strong>, permettant aux passagers de travailler ou de se d\u00e9tendre dans un environnement calme et s\u00fbr.<\/li>\n<\/ul>\n<p>                [\/et_pb_text]<br \/>\n              [\/et_pb_column]<br \/>\n            [\/et_pb_row]<br \/>\n            [et_pb_row column_structure=\u00a0\u00bb1_2,1_2&Prime; _builder_version=\u00a0\u00bb4.16&Prime; _module_preset=\u00a0\u00bbdefault\u00a0\u00bb width=\u00a0\u00bb90%\u00a0\u00bb global_colors_info=\u00a0\u00bb{}\u00a0\u00bb]<br \/>\n              [et_pb_column type=\u00a0\u00bb1_2&Prime; _builder_version=\u00a0\u00bb4.16&Prime; _module_preset=\u00a0\u00bbdefault\u00a0\u00bb global_colors_info=\u00a0\u00bb{}\u00a0\u00bb]<br \/>\n                [et_pb_image src=\u00a0\u00bbhttps:\/\/cuneoairport.com\/wp-content\/uploads\/2024\/07\/Moove-Logo_.jpg\u00a0\u00bb alt=\u00a0\u00bbLogo Moove\u00a0\u00bb title_text=\u00a0\u00bbMoove Logo_\u00a0\u00bb url=\u00a0\u00bbhttps:\/\/en.flymoove.com\/\u00a0\u00bb url_new_window=\u00a0\u00bbon\u00a0\u00bb _builder_version=\u00a0\u00bb4.16&Prime; _module_preset=\u00a0\u00bbdefault\u00a0\u00bb width=\u00a0\u00bb100%\u00a0\u00bb max_width=\u00a0\u00bb100%\u00a0\u00bb min_height=\u00a0\u00bb79px\u00a0\u00bb height=\u00a0\u00bb79px\u00a0\u00bb max_height=\u00a0\u00bb79px\u00a0\u00bb border_radii=\u00a0\u00bbon|6px|6px|6px|6px\u00a0\u00bb global_colors_info=\u00a0\u00bb{}\u00a0\u00bb][\/et_pb_image]<br \/>\n              [\/et_pb_column]<br \/>\n              [et_pb_column type=\u00a0\u00bb1_2&Prime; _builder_version=\u00a0\u00bb4.16&Prime; _module_preset=\u00a0\u00bbdefault\u00a0\u00bb global_colors_info=\u00a0\u00bb{}\u00a0\u00bb]<br \/>\n                [et_pb_text _builder_version=\u00a0\u00bb4.16&Prime; _module_preset=\u00a0\u00bbdefault\u00a0\u00bb text_font=\u00a0\u00bbBarlow|300|||||||\u00a0\u00bb text_text_color=\u00a0\u00bb#000000&Prime; text_font_size=\u00a0\u00bb16px\u00a0\u00bb custom_margin=\u00a0\u00bb||19px|||\u00a0\u00bb global_colors_info=\u00a0\u00bb{}\u00a0\u00bb]<\/p>\n<h3>Moove : l&rsquo;innovation dans le secteur de l&rsquo;aviation<\/h3>\n<p>Avec Moove, la r\u00e9servation d&rsquo;un vol priv\u00e9 est simple et pratique. La plateforme num\u00e9rique offre des solutions de vols charters pour les petits jets priv\u00e9s et les avions plus grands, en mettant les clients en contact direct avec les op\u00e9rateurs pour des r\u00e9servations en temps r\u00e9el.<\/p>\n<p>                [\/et_pb_text]<br \/>\n              [\/et_pb_column]<br \/>\n            [\/et_pb_row]<br \/>\n            [et_pb_row column_structure=\u00a0\u00bb1_2,1_2&Prime; _builder_version=\u00a0\u00bb4.27.2&Prime; _module_preset=\u00a0\u00bbdefault\u00a0\u00bb width=\u00a0\u00bb90%\u00a0\u00bb global_colors_info=\u00a0\u00bb{}\u00a0\u00bb]<br \/>\n              [et_pb_column type=\u00a0\u00bb1_2&Prime; _builder_version=\u00a0\u00bb4.16&Prime; _module_preset=\u00a0\u00bbdefault\u00a0\u00bb global_colors_info=\u00a0\u00bb{}\u00a0\u00bb]<br \/>\n                [et_pb_text admin_label=\u00a0\u00bbTesto\u00a0\u00bb _builder_version=\u00a0\u00bb4.27.2&Prime; _module_preset=\u00a0\u00bbdefault\u00a0\u00bb text_font=\u00a0\u00bbBarlow|300|||||||\u00a0\u00bb text_text_color=\u00a0\u00bb#000000&Prime; text_font_size=\u00a0\u00bb16px\u00a0\u00bb custom_margin=\u00a0\u00bb||19px|||\u00a0\u00bb custom_padding=\u00a0\u00bb0px|||||\u00a0\u00bb inline_fonts=\u00a0\u00bbABeeZee\u00a0\u00bb global_colors_info=\u00a0\u00bb{}\u00a0\u00bb]<\/p>\n<h3>Planifier votre voyage avec des vols priv\u00e9s<\/h3>\n<p>Gr\u00e2ce \u00e0 cet outil, vous pouvez comparer l&rsquo;offre d&rsquo;avions priv\u00e9s sur des itin\u00e9raires sp\u00e9cifiques et r\u00e9server un vol d&rsquo;affaires. Cet outil est id\u00e9al pour:<\/p>\n<ul>\n<li>Les <strong>entreprises<\/strong> qui doivent organiser des voyages<\/li>\n<li><strong>Agences de voyage<\/strong> s&rsquo;occupant de voyages de groupe<\/li>\n<li><strong>Personnes<\/strong> souhaitant organiser leur propre vol priv\u00e9 de mani\u00e8re ind\u00e9pendante<\/li>\n<\/ul>\n<p>Que ce soit pour des vols occasionnels ou des transferts r\u00e9guliers, ou pour rejoindre rapidement des destinations non desservies par des vols r\u00e9guliers sans escale, vous trouverez des options pour voyager en vol priv\u00e9 au meilleur prix, en partenariat avec des op\u00e9rateurs de premier plan.<\/p>\n<p>                [\/et_pb_text]<br \/>\n              [\/et_pb_column]<br \/>\n              [et_pb_column type=\u00a0\u00bb1_2&Prime; _builder_version=\u00a0\u00bb4.16&Prime; _module_preset=\u00a0\u00bbdefault\u00a0\u00bb global_colors_info=\u00a0\u00bb{}\u00a0\u00bb]<br \/>\n                [et_pb_image src=\u00a0\u00bbhttps:\/\/cuneoairport.com\/wp-content\/uploads\/2024\/07\/IMG_193555.jpg\u00a0\u00bb title_text=\u00a0\u00bbIMG_193555&Prime; _builder_version=\u00a0\u00bb4.16&Prime; _module_preset=\u00a0\u00bbdefault\u00a0\u00bb border_radii=\u00a0\u00bbon|6px|6px|6px|6px\u00a0\u00bb global_colors_info=\u00a0\u00bb{}\u00a0\u00bb][\/et_pb_image]<br \/>\n              [\/et_pb_column]<br \/>\n            [\/et_pb_row]<br \/>\n            [et_pb_row _builder_version=\u00a0\u00bb4.27.2&Prime; _module_preset=\u00a0\u00bbdefault\u00a0\u00bb hover_enabled=\u00a0\u00bb0&Prime; global_colors_info=\u00a0\u00bb{}\u00a0\u00bb sticky_enabled=\u00a0\u00bb0&Prime;]<br \/>\n              [et_pb_column type=\u00a0\u00bb4_4&Prime; _builder_version=\u00a0\u00bb4.27.2&Prime; _module_preset=\u00a0\u00bbdefault\u00a0\u00bb custom_padding=\u00a0\u00bb15px|15px|15px|15px|false|false\u00a0\u00bb hover_enabled=\u00a0\u00bb0&Prime; border_radii=\u00a0\u00bbon|25px|25px|25px|25px\u00a0\u00bb border_width_all=\u00a0\u00bb8px\u00a0\u00bb border_color_all=\u00a0\u00bb#1e42ac\u00a0\u00bb border_style_all=\u00a0\u00bbdotted\u00a0\u00bb box_shadow_style=\u00a0\u00bbpreset1&Prime; global_colors_info=\u00a0\u00bb{}\u00a0\u00bb sticky_enabled=\u00a0\u00bb0&Prime;]<br \/>\n                [et_pb_text admin_label=\u00a0\u00bbTesto\u00a0\u00bb _builder_version=\u00a0\u00bb4.27.2&Prime; _module_preset=\u00a0\u00bbdefault\u00a0\u00bb text_font=\u00a0\u00bbBarlow|300|||||||\u00a0\u00bb text_text_color=\u00a0\u00bb#000000&Prime; text_font_size=\u00a0\u00bb16px\u00a0\u00bb custom_margin=\u00a0\u00bb||19px|||\u00a0\u00bb custom_padding=\u00a0\u00bb0px|||||\u00a0\u00bb hover_enabled=\u00a0\u00bb0&Prime; inline_fonts=\u00a0\u00bbABeeZee\u00a0\u00bb global_colors_info=\u00a0\u00bb{}\u00a0\u00bb sticky_enabled=\u00a0\u00bb0&Prime;]<\/p>\n<h3>Demande de devis<\/h3>\n<p>Une fois que vous avez choisi votre option pr\u00e9f\u00e9r\u00e9e, vous pouvez demander un devis. La plateforme vous met en contact direct avec les compagnies a\u00e9riennes, ce qui vous permet de recevoir la meilleure offre. L&rsquo;assistance \u00e0 la client\u00e8le est disponible \u00e0 chaque \u00e9tape du processus.<\/p>\n<p>                [\/et_pb_text]<br \/>\n                [et_pb_code _builder_version=\u00a0\u00bb4.27.2&Prime; _module_preset=\u00a0\u00bbdefault\u00a0\u00bb background_enable_image=\u00a0\u00bboff\u00a0\u00bb custom_padding=\u00a0\u00bb25px||2px|||\u00a0\u00bb border_radii=\u00a0\u00bbon|6px|6px|6px|6px\u00a0\u00bb global_colors_info=\u00a0\u00bb{}\u00a0\u00bb]<\/p>\n<style><!-- [et_pb_line_break_holder] -->.iframe-container{<!-- [et_pb_line_break_holder] -->margin: 0 auto;<!-- [et_pb_line_break_holder] -->max-width:100%;<!-- [et_pb_line_break_holder] -->width:undefinedpx;<!-- [et_pb_line_break_holder] -->height:300px;<!-- [et_pb_line_break_holder] -->}<!-- [et_pb_line_break_holder] -->@media only screen and (max-width: 992px) {<!-- [et_pb_line_break_holder] -->\t.iframe-container{<!-- [et_pb_line_break_holder] -->\t\twidth: 100%;<!-- [et_pb_line_break_holder] -->\t\theight:300px;<!-- [et_pb_line_break_holder] -->\t}<!-- [et_pb_line_break_holder] -->}<!-- [et_pb_line_break_holder] -->@media only screen and (max-width: 600px) {<!-- [et_pb_line_break_holder] -->\u00ca \u00ca.iframe-container{<!-- [et_pb_line_break_holder] -->\t\twidth: 100%;<!-- [et_pb_line_break_holder] -->\t\theight:300px;<!-- [et_pb_line_break_holder] -->\t}<!-- [et_pb_line_break_holder] -->}<!-- [et_pb_line_break_holder] --><\/style>\n<p>                  <!-- [et_pb_line_break_holder] --><\/p>\n<div class=\"iframe-container\">\n                    <!-- [et_pb_line_break_holder] --><br \/>\n                    <iframe style=\"width:100%;height:100%;border:none\" src=\"https:\/\/app.flymoove.com\/search?company=LIMZ&amp;language=en&amp;initialSearchType=departure&amp;widget=true\" scrolling=\"yes\">This browser does not support Iframe<\/iframe><br \/>\n                    <!-- [et_pb_line_break_holder] -->\n                  <\/div>\n<p>                  <!-- [et_pb_line_break_holder] --><br \/>\n                  <!-- [et_pb_line_break_holder] --><br \/>\n                  <script><!-- [et_pb_line_break_holder] -->window.addEventListener('message', function(event) {<!-- [et_pb_line_break_holder] -->  if (event.data.type == 'widgetRedirect') {<!-- [et_pb_line_break_holder] -->    window.open(event.data.url);<!-- [et_pb_line_break_holder] -->  }<!-- [et_pb_line_break_holder] -->}, false);<!-- [et_pb_line_break_holder] --><\/script><br \/>\n                  <!-- [et_pb_line_break_holder] --><br \/>\n                  <!-- [et_pb_line_break_holder] --><br \/>\n                  <\/iframe><br \/>\n                [\/et_pb_code]<br \/>\n              [\/et_pb_column]<br \/>\n            [\/et_pb_row]<br \/>\n          [\/et_pb_section]<br \/>\n          [et_pb_section fb_built=\u00a0\u00bb1&Prime; _builder_version=\u00a0\u00bb4.27.2&Prime; _module_preset=\u00a0\u00bbdefault\u00a0\u00bb global_colors_info=\u00a0\u00bb{}\u00a0\u00bb]<br \/>\n            [et_pb_row column_structure=\u00a0\u00bb1_2,1_2&Prime; _builder_version=\u00a0\u00bb4.27.2&Prime; _module_preset=\u00a0\u00bbdefault\u00a0\u00bb width=\u00a0\u00bb90%\u00a0\u00bb global_colors_info=\u00a0\u00bb{}\u00a0\u00bb]<br \/>\n              [et_pb_column type=\u00a0\u00bb1_2&Prime; _builder_version=\u00a0\u00bb4.16&Prime; _module_preset=\u00a0\u00bbdefault\u00a0\u00bb global_colors_info=\u00a0\u00bb{}\u00a0\u00bb]<br \/>\n                [et_pb_image src=\u00a0\u00bbhttps:\/\/cuneoairport.com\/wp-content\/uploads\/2024\/07\/IMG_2958888.jpg\u00a0\u00bb title_text=\u00a0\u00bbIMG_2958888&Prime; _builder_version=\u00a0\u00bb4.27.2&Prime; _module_preset=\u00a0\u00bbdefault\u00a0\u00bb border_radii=\u00a0\u00bbon|6px|6px|6px|6px\u00a0\u00bb global_colors_info=\u00a0\u00bb{}\u00a0\u00bb][\/et_pb_image]<br \/>\n              [\/et_pb_column]<br \/>\n              [et_pb_column type=\u00a0\u00bb1_2&Prime; _builder_version=\u00a0\u00bb4.16&Prime; _module_preset=\u00a0\u00bbdefault\u00a0\u00bb global_colors_info=\u00a0\u00bb{}\u00a0\u00bb]<br \/>\n                [et_pb_text _builder_version=\u00a0\u00bb4.27.2&Prime; _module_preset=\u00a0\u00bbdefault\u00a0\u00bb text_font=\u00a0\u00bbBarlow|300|||||||\u00a0\u00bb text_text_color=\u00a0\u00bb#000000&Prime; text_font_size=\u00a0\u00bb16px\u00a0\u00bb custom_margin=\u00a0\u00bb||19px|||\u00a0\u00bb custom_padding=\u00a0\u00bb0px|||||\u00a0\u00bb inline_fonts=\u00a0\u00bbABeeZee\u00a0\u00bb global_colors_info=\u00a0\u00bb{}\u00a0\u00bb]<\/p>\n<h3>Organisation et transparence<\/h3>\n<p>La plateforme facilite l&rsquo;organisation et offre une transparence totale sur les co\u00fbts, tant \u00e9conomiques qu&rsquo;\u00e9cologiques, ce qui permet de<\/p>\n<ul>\n<li>Simulez le co\u00fbt et la dur\u00e9e du <strong> voyage <\/strong> porte-\u00e0-porte avec l&rsquo;avion choisi<\/li>\n<li><strong>Comparez les avantages d&rsquo;un vol priv\u00e9<\/strong> par rapport \u00e0 l&rsquo;aviation commerciale, au train ou \u00e0 la voiture \u00e0 l&rsquo;aide du calculateur en temps r\u00e9el<\/li>\n<li><strong>Comparez diff\u00e9rents types d&rsquo;avions<\/strong> pour trouver la solution la mieux adapt\u00e9e \u00e0 vos besoins de voyage<\/li>\n<li><strong>Explorer des itin\u00e9raires plus abordables<\/strong>, y compris l&rsquo;utilisation de vols \u00e0 vide avec des solutions de retour int\u00e9gr\u00e9es, permettant de r\u00e9aliser des \u00e9conomies suppl\u00e9mentaires sans compromettre la qualit\u00e9 du service<\/li>\n<\/ul>\n<p>                [\/et_pb_text]<br \/>\n                [et_pb_text _builder_version=\u00a0\u00bb4.16&Prime; _module_preset=\u00a0\u00bbdefault\u00a0\u00bb text_font=\u00a0\u00bbRubik|300|||||||\u00a0\u00bb text_text_color=\u00a0\u00bb#000000&Prime; text_font_size=\u00a0\u00bb18px\u00a0\u00bb min_height=\u00a0\u00bb37.8px\u00a0\u00bb custom_margin=\u00a0\u00bb||35px|||\u00a0\u00bb custom_padding=\u00a0\u00bb4px||0px|||\u00a0\u00bb global_colors_info=\u00a0\u00bb{}\u00a0\u00bb]<\/p>\n<h5>Comparez, r\u00e9servez et d\u00e9collez !<\/h5>\n<p>\n                    <em>Pour plus d&rsquo;informations : marketing@cuneoairport.com<\/em>\n                  <\/p>\n<p>                [\/et_pb_text]<br \/>\n              [\/et_pb_column]<br \/>\n            [\/et_pb_row]<br \/>\n          [\/et_pb_section]<br \/>\n          [et_pb_section fb_built=\u00a0\u00bb1&Prime; fullwidth=\u00a0\u00bbon\u00a0\u00bb _builder_version=\u00a0\u00bb4.27.2&Prime; _module_preset=\u00a0\u00bbdefault\u00a0\u00bb width=\u00a0\u00bb100%\u00a0\u00bb global_colors_info=\u00a0\u00bb{}\u00a0\u00bb]<br \/>\n            [et_pb_fullwidth_header title=\u00a0\u00bbEmpty Legs : l&rsquo;aviation d&rsquo;affaires \u00e0 moindre co\u00fbt\u00a0\u00bb subhead=\u00a0\u00bbConsulta la mappa sottostante per trovare il tuo volo ideale tra quelli gi\u00e0 programmati e aggiornati in tempo reale sul marketplace.\u00a0\u00bb _builder_version=\u00a0\u00bb4.27.2&Prime; _module_preset=\u00a0\u00bbdefault\u00a0\u00bb title_font=\u00a0\u00bb|800|||||||\u00a0\u00bb title_text_color=\u00a0\u00bb#FFFFFF\u00a0\u00bb subhead_text_color=\u00a0\u00bb#FFFFFF\u00a0\u00bb subhead_font_size=\u00a0\u00bb22px\u00a0\u00bb use_background_color_gradient=\u00a0\u00bbon\u00a0\u00bb background_color_gradient_stops=\u00a0\u00bb#8300e9 0%|#b2b2ba 100%\u00a0\u00bb global_colors_info=\u00a0\u00bb{}\u00a0\u00bb][\/et_pb_fullwidth_header]<br \/>\n            [et_pb_fullwidth_code _builder_version=\u00a0\u00bb4.27.2&Prime; _module_preset=\u00a0\u00bbdefault\u00a0\u00bb custom_padding=\u00a0\u00bb0px|||||\u00a0\u00bb global_colors_info=\u00a0\u00bb{}\u00a0\u00bb]<\/p>\n<style><!-- [et_pb_line_break_holder] -->.iframe-container2{<!-- [et_pb_line_break_holder] -->margin: 0 auto;<!-- [et_pb_line_break_holder] -->max-width:100%;<!-- [et_pb_line_break_holder] -->width:undefinedpx;<!-- [et_pb_line_break_holder] -->height:800px;<!-- [et_pb_line_break_holder] -->}<!-- [et_pb_line_break_holder] -->@media only screen and (max-width: 992px) {<!-- [et_pb_line_break_holder] -->\t.iframe-container2{<!-- [et_pb_line_break_holder] -->\t\twidth: 100%;<!-- [et_pb_line_break_holder] -->\t\theight:400px;<!-- [et_pb_line_break_holder] -->\t}<!-- [et_pb_line_break_holder] -->}<!-- [et_pb_line_break_holder] -->@media only screen and (max-width: 600px) {<!-- [et_pb_line_break_holder] -->\u00ca \u00ca.iframe-container2{<!-- [et_pb_line_break_holder] -->\t\twidth: 100%;<!-- [et_pb_line_break_holder] -->\t\theight:400px;<!-- [et_pb_line_break_holder] -->\t}<!-- [et_pb_line_break_holder] -->}<!-- [et_pb_line_break_holder] --><\/style>\n<p>              <!-- [et_pb_line_break_holder] --><\/p>\n<div class=\"iframe-container2\">\n                <!-- [et_pb_line_break_holder] --><br \/>\n                <iframe style=\"width:100%;height:100%;border:none\" src=\"https:\/\/app.flymoove.com\/empty-legs?company=LIMZ&amp;iframe=true&amp;language=en\" scrolling=\"yes\">This browser does not support Iframe<\/iframe><br \/>\n                <!-- [et_pb_line_break_holder] -->\n              <\/div>\n<p>            [\/et_pb_fullwidth_code]<br \/>\n          [\/et_pb_section]<\/p>\n","protected":false},"excerpt":{"rendered":"<p>Services de Aviation d&rsquo;affaires \u00e0 partir de l&rsquo;a\u00e9roport de Cuneo Ces derni\u00e8res ann\u00e9es, de plus en plus de personnes, d&rsquo;entreprises et d&rsquo;agences de voyage choisissent d&rsquo;utiliser des avions priv\u00e9s pour leurs d\u00e9placements, en raison des nombreux avantages qu&rsquo;offre l&rsquo;aviation d&rsquo;affaires par rapport aux vols commerciaux traditionnels. Ces options de voyage sont \u00e9galement disponibles \u00e0 partir [&hellip;]<\/p>\n","protected":false},"author":3,"featured_media":0,"parent":0,"menu_order":0,"comment_status":"closed","ping_status":"closed","template":"","meta":{"_acf_changed":false,"_et_pb_use_builder":"on","_et_pb_old_content":"","_et_gb_content_width":"","footnotes":""},"class_list":["post-16602","page","type-page","status-publish","hentry"],"acf":[],"_links":{"self":[{"href":"https:\/\/cuneoairport.com\/fr\/wp-json\/wp\/v2\/pages\/16602","targetHints":{"allow":["GET"]}}],"collection":[{"href":"https:\/\/cuneoairport.com\/fr\/wp-json\/wp\/v2\/pages"}],"about":[{"href":"https:\/\/cuneoairport.com\/fr\/wp-json\/wp\/v2\/types\/page"}],"author":[{"embeddable":true,"href":"https:\/\/cuneoairport.com\/fr\/wp-json\/wp\/v2\/users\/3"}],"replies":[{"embeddable":true,"href":"https:\/\/cuneoairport.com\/fr\/wp-json\/wp\/v2\/comments?post=16602"}],"version-history":[{"count":4,"href":"https:\/\/cuneoairport.com\/fr\/wp-json\/wp\/v2\/pages\/16602\/revisions"}],"predecessor-version":[{"id":17521,"href":"https:\/\/cuneoairport.com\/fr\/wp-json\/wp\/v2\/pages\/16602\/revisions\/17521"}],"wp:attachment":[{"href":"https:\/\/cuneoairport.com\/fr\/wp-json\/wp\/v2\/media?parent=16602"}],"curies":[{"name":"wp","href":"https:\/\/api.w.org\/{rel}","templated":true}]}}